{"id":126,"date":"2023-07-14T11:07:32","date_gmt":"2023-07-14T11:07:32","guid":{"rendered":"https:\/\/iporto.amp.pt\/privacy-policy\/"},"modified":"2024-01-18T11:42:47","modified_gmt":"2024-01-18T11:42:47","slug":"privacy-policy","status":"publish","type":"page","link":"https:\/\/iporto.amp.pt\/en\/privacy-policy\/","title":{"rendered":"Privacy and Data Protection Policy"},"content":{"rendered":"\n<p>The <strong>iPorto<\/strong>, <strong>Agenda Metropolitana da Cultura<\/strong> (iPorto, Metropolitan Culture Calendar) is an initiative of the Porto Metropolitan Area (AMP), created within the framework of a territorial development and cooperation strategy.<\/p>\n\n\n\n<p>As responsible for the processing and protection of personal data, the <strong>Porto Metropolitan Area (AMP)<\/strong> complies with the legislation in force on data protection, namely with the General Data Protection Regulation (GDPR) approved by the Regulation (EU) 2016\/679 of 27 April 2016.<\/p>\n\n\n\n<p>Therefore, the <strong>AMP<\/strong> commits to guarantee the protection of all personal data received. The <strong>AMP<\/strong> adopted several safety technical and organisational measures to protect your personal data against any illicit processing.<\/p>\n\n\n\n<p>Each time you use this website or whenever you otherwise interact with the <strong>AMP<\/strong>, the personal data transmitted will be processed in accordance with the Privacy and Data Protection Policy in force at that time.<\/p>\n\n\n\n<div style=\"height:20px\" aria-hidden=\"true\" class=\"wp-block-spacer\"><\/div>\n\n\n\n<ol>\n<li style=\"text-decoration:underline\"><strong>Responsibility for the Treatment of Your Personal Data<\/strong><\/li>\n<\/ol>\n\n\n\n<p>The <strong>Porto Metropolitan Area<\/strong>, hereinafter <strong>AMP<\/strong>, NIPC 502 823&nbsp;305, headquartered at Pal\u00e1cio dos Correios \u2013 Rua do Est\u00eav\u00e3o, 21, 4000-200 Porto, is responsible for processing your personal data.<\/p>\n\n\n\n<p>The <strong>AMP <\/strong>processes several categories of personal data according to the different purposes, particularly collecting the following:<\/p>\n\n\n\n<p>a) Personal identifiable information.<\/p>\n\n\n\n<p>b) Contact date.<\/p>\n\n\n\n<p>c) Data arising from claims\/requests for the exercise of one\u2019s rights.<\/p>\n\n\n\n<p>d) Demographic data.<\/p>\n\n\n\n<div style=\"height:20px\" aria-hidden=\"true\" class=\"wp-block-spacer\"><\/div>\n\n\n\n<ol start=\"2\">\n<li style=\"text-decoration:underline\"><strong>Purpose of Data Processing<\/strong><\/li>\n<\/ol>\n\n\n\n<p>The <strong>AMP<\/strong> may process your personal data for the following purposes:<\/p>\n\n\n\n<p>a) Spread of information about and registration for cultural activities, conferences, colloquiums, seminars, workshops and other events taking place within the Porto metropolitan area or related to the <strong>AMP<\/strong>.<\/p>\n\n\n\n<p>b) Distribution of newsletters on cultural activities taking place within the Porto metropolitan area or related to the <strong>AMP<\/strong>. Users may cancel their email newsletter subscription by clicking on the newsletter&#8217;s unsubscribe link.<\/p>\n\n\n\n<p>c) Surveys conducted within the scope of <strong>AMP\u2019<\/strong>sduties.<\/p>\n\n\n\n<p>d) Answer to contact requests.<\/p>\n\n\n\n<div style=\"height:20px\" aria-hidden=\"true\" class=\"wp-block-spacer\"><\/div>\n\n\n\n<ol start=\"3\">\n<li style=\"text-decoration:underline\"><strong>Lawful Data Processing<\/strong><\/li>\n<\/ol>\n\n\n\n<p>The <strong>AMP<\/strong> will process your personal data only when there is a legal basis that legitimises its processing, namely:<\/p>\n\n\n\n<p>a) <strong>Pre-contractual matters and execution of a contract<\/strong>: the <strong>AMP<\/strong> may process your personal data if it is found necessary for the execution of a contract to which you are a party.<\/p>\n\n\n\n<p>b) <strong>Legal obligation<\/strong>: the <strong>AMP<\/strong> may process your data if it proves necessary for the fulfilment of legal obligations to which it is bound.<\/p>\n\n\n\n<p>c) <strong>Public interest or public authority<\/strong>: AMP may process your data while holding public interest or public authority functions with which it may be vested.<\/p>\n\n\n\n<p>d) <strong>Legitimate interest<\/strong>: your data may be processed based on AMP\u2019s legitimate interest, provided that such interests do not override your fundamental rights and freedoms.<\/p>\n\n\n\n<p>e) <strong>Consent<\/strong>: AMP may process your data upon obtaining your consent.<\/p>\n\n\n\n<p>f) <strong>Defence of vital interests<\/strong>: AMP may also process your personal data whenever this proves necessary and essential for the protection of your life.<\/p>\n\n\n\n<div style=\"height:20px\" aria-hidden=\"true\" class=\"wp-block-spacer\"><\/div>\n\n\n\n<ol start=\"4\">\n<li style=\"text-decoration:underline\"><strong>Sharing Personal Data<\/strong><\/li>\n<\/ol>\n\n\n\n<p>The <strong>AMP<\/strong> ensures that, whenever third parties are involved, these entities will comply with their obligations regarding privacy and protection of personal data.<\/p>\n\n\n\n<p>The <strong>AMP<\/strong> may also communicate your personal data when obliged by law, in the context of judicial proceedings or as part of investigations carried out by competent authorities.<\/p>\n\n\n\n<p>The <strong>AMP<\/strong> will not make international transfers of your data to a third country or international organisation outside the European Union.<\/p>\n\n\n\n<div style=\"height:20px\" aria-hidden=\"true\" class=\"wp-block-spacer\"><\/div>\n\n\n\n<ol start=\"5\">\n<li style=\"text-decoration:underline\"><strong>Data Storage<\/strong><\/li>\n<\/ol>\n\n\n\n<p>Your personal data may be stored for hosting and back-up in servers located in Portugal that are in a secure environment, protected from unauthorised access.<\/p>\n\n\n\n<div style=\"height:20px\" aria-hidden=\"true\" class=\"wp-block-spacer\"><\/div>\n\n\n\n<ol start=\"6\">\n<li style=\"text-decoration:underline\"><strong>Rights of Data Subjects<\/strong><\/li>\n<\/ol>\n\n\n\n<p>The <strong>AMP<\/strong> shall respect the confidentiality of your personal information and guarantee the exercise of your rights in accordance with applicable legislation, namely:<\/p>\n\n\n\n<p>a) <strong>Right to information<\/strong>: you have the right to obtain clear, transparent and understandable information on the way the <strong>AMP<\/strong> handles your personal data.<\/p>\n\n\n\n<p>b) <strong>Right of access<\/strong>: in addition to the right to information, you can access your personal data and confirm whether they are being processed, as well as request a copy of them.<\/p>\n\n\n\n<p>c) <strong>Right to rectification<\/strong>: you have the right to rectify your personal data if they are inaccurate, outdated or incomplete.<\/p>\n\n\n\n<p>d) <strong>Right to erasure<\/strong>: you can ask us to delete your data. However, you should bear in mind that this is not an absolute right, as the <strong>AMP<\/strong> may have legal grounds or other legitimate interests to keep your personal data.<\/p>\n\n\n\n<p>e) <strong>Right to object<\/strong>: on grounds relating to your situation, you may object to certain processing operations based on a legitimate interest or public interest of the <strong>AMP<\/strong> or third parties, at any time of their processing. It should be borne in mind that the <strong>AMP<\/strong> may continue to process such data if it can demonstrate \u201ccompelling legitimate grounds for the processing which override your interests, rights and freedoms\u201d or if such data are necessary for the establishment, exercise or defence of legal claims. You can delete the subscription to the AMP newsletter or choose to be removed from its direct communications at any time. The easiest way to do this is by clicking on the link that allows you to remove any email or communication sent, but you can also email the <strong>AMP<\/strong> on this subject at <a href=\"mailto:dpo@amp.pt\">dpo@amp.pt<\/a>.<\/p>\n\n\n\n<p>f) <strong>Right to lodge a complaint with the Comiss\u00e3o Nacional de Prote\u00e7\u00e3o de Dados (CNPD)<\/strong>, the Portuguese data protection authority: if you consider that the processing of your personal data violates the applicable data protection legislation, you can file a complaint with the CNPD.<\/p>\n\n\n\n<p>g) <strong>Right to data portability<\/strong>: you have the right to move, copy or transfer your personal data from the AMP database to another, in a commonly used structured format, provided that the processing is based on your consent or on a contract to which you are a party and is carried out by automated means.<\/p>\n\n\n\n<p>h) <strong>Right to restriction of processing<\/strong>: you have the right to request the restriction of the processing of your data in the following situations:<\/p>\n\n\n\n<ul>\n<li>If you contest the accuracy of the data.<\/li>\n\n\n\n<li>If the processing is unlawful and you do not want to erase your data, but only restrict their use.<\/li>\n\n\n\n<li>If the data is no longer required by the AMP, but it is needed by the user.<\/li>\n\n\n\n<li>If you have exercised your right to object, during the period in which the AMP examines whether your legitimate interests for processing prevail over that right.<\/li>\n<\/ul>\n\n\n\n<p>To request the exercise of any of the rights listed above, you may:<\/p>\n\n\n\n<ul>\n<li>Address a written communication to the AMP with the following data:\n<ul>\n<li>Subject: Exercise of Rights \u2013 Protection of Personal Data<\/li>\n\n\n\n<li>Att.: DPO \u00c1rea Metropolitana do Porto<\/li>\n\n\n\n<li>Address: Pal\u00e1cio dos Correios \u2013 Rua do Est\u00eav\u00e3o, 21 &#8211; 4000-200 Porto.<\/li>\n<\/ul>\n<\/li>\n\n\n\n<li>Send an email to <a href=\"mailto:dpo@amp.pt\">dpo@amp.pt<\/a>.<\/li>\n<\/ul>\n\n\n\n<div style=\"height:20px\" aria-hidden=\"true\" class=\"wp-block-spacer\"><\/div>\n\n\n\n<ol start=\"7\">\n<li style=\"text-decoration:underline\"><strong>Storage Period<\/strong><\/li>\n<\/ol>\n\n\n\n<p>The <strong>AMP<\/strong> will keep your personal data only for the time necessary to achieve the purpose for which they were collected.<\/p>\n\n\n\n<p>The <strong>AMP<\/strong> may also retain some of your personal data to the necessary extent to comply with its legal obligations, as well as to manage or enforce your rights, namely for legal proceedings.<\/p>\n\n\n\n<p>Upon expiry of the above-mentioned storage periods, personal data will be deleted from the AMP databases in a secure manner, regardless of any support.<\/p>\n\n\n\n<div style=\"height:20px\" aria-hidden=\"true\" class=\"wp-block-spacer\"><\/div>\n\n\n\n<ol start=\"8\">\n<li style=\"text-decoration:underline\"><strong>Data Protection Officer<\/strong><\/li>\n<\/ol>\n\n\n\n<p>As a public entity and to comply with the applicable legislation on privacy and data protection, the <strong>AMP<\/strong> has appointed a Personal Data Protection Officer, whose functions are:<\/p>\n\n\n\n<p>a) To control the compliance of personal data processing operations with the applicable legislation in force.<\/p>\n\n\n\n<p>b) To provide advice to the <strong>AMP<\/strong> on privacy and protection of personal data.<\/p>\n\n\n\n<p>c) To cooperate with the Comiss\u00e3o Nacional de Prote\u00e7\u00e3o de Dados\u2013 CNPD.<\/p>\n\n\n\n<p>d) To establish a contact point with the CNPD, the Supervisory Authorities of the other Member States, and the personal data subjects.&nbsp;<\/p>\n\n\n\n<p>You can email the <strong>AMP<\/strong>\u2019s Data Protection Officer at <a href=\"mailto:dpo@amp.pt\">dpo@amp.pt<\/a>.<\/p>\n\n\n\n<div style=\"height:20px\" aria-hidden=\"true\" class=\"wp-block-spacer\"><\/div>\n\n\n\n<ol start=\"9\">\n<li style=\"text-decoration:underline\"><strong>Security Measures<\/strong><\/li>\n<\/ol>\n\n\n\n<p>The <strong>AMP<\/strong> ensures the implementation of appropriate and effective organisational technical measures to comply with data protection principles to guarantee the continued confidentiality, integrity, availability and resilience of its processing services.<\/p>\n\n\n\n<p>The <strong>AMP<\/strong> adopts the necessary and appropriate technical, electronic and organisational procedures to certify the security of your Personal Data and to prevent its loss, misuse or access.<\/p>\n\n\n\n<p>However, it is up to all users to make sure that the equipment they use is protected from harmful software, computer viruses and worms, as well as to confirm the secure configuration of their browser.<\/p>\n\n\n\n<div style=\"height:20px\" aria-hidden=\"true\" class=\"wp-block-spacer\"><\/div>\n\n\n\n<ol start=\"10\">\n<li><em><u><strong>Cookies<\/strong><\/u><\/em><\/li>\n<\/ol>\n\n\n\n<p>Cookies are used while browsing the <strong>iPorto, Agenda Metropolitana da Cultura<\/strong>\u2019s website. For further information on how cookies are used, please refer to the <a href=\"https:\/\/iporto.amp.pt\/en\/cookies-policy\/\">Cookies Policy.<\/a><\/p>\n\n\n\n<div style=\"height:20px\" aria-hidden=\"true\" class=\"wp-block-spacer\"><\/div>\n\n\n\n<ol start=\"11\">\n<li style=\"text-decoration:underline\"><strong>Final provisions<\/strong><\/li>\n<\/ol>\n\n\n\n<p>The <strong>AMP<\/strong> reserves the right to modify this Policy at any time due to new legal or procedural requirements, as well as to ensure that it only treats the information indispensable to the provision or improvement of its services.<\/p>\n\n\n\n<p>Whenever any change is made to this Privacy Policy, the user will be informed of the changes through this website.<\/p>\n\n\n\n<p>The <strong>AMP<\/strong> adopts the appropriate procedures to ensure that users\u2019 information is correct, complete and up to date, but it is up to the user to update or correct his personal information when necessary.<\/p>\n","protected":false},"excerpt":{"rendered":"<p>The iPorto, Agenda Metropolitana da Cultura (iPorto, Metropolitan Culture Calendar) is an initiative of the Porto Metropolitan Area (AMP), created within the framework of a territorial development and cooperation strategy. As responsible for the processing and protection of personal data, the Porto Metropolitan Area (AMP) complies with the legislation in force on data protection, namely [&hellip;]<\/p>\n","protected":false},"author":1,"featured_media":0,"parent":0,"menu_order":0,"comment_status":"closed","ping_status":"open","template":"","meta":{"_monsterinsights_skip_tracking":false,"_monsterinsights_sitenote_active":false,"_monsterinsights_sitenote_note":"","_monsterinsights_sitenote_category":0,"footnotes":""},"yoast_head":"<!-- This site is optimized with the Yoast SEO plugin v24.1 - https:\/\/yoast.com\/wordpress\/plugins\/seo\/ -->\n<title>Privacy and Data Protection Policy - iPorto<\/title>\n<meta name=\"robots\" content=\"index, follow, max-snippet:-1, max-image-preview:large, max-video-preview:-1\" \/>\n<link rel=\"canonical\" href=\"https:\/\/iporto.amp.pt\/en\/privacy-policy\/\" \/>\n<meta property=\"og:locale\" content=\"en_US\" \/>\n<meta property=\"og:type\" content=\"article\" \/>\n<meta property=\"og:title\" content=\"Privacy and Data Protection Policy - iPorto\" \/>\n<meta property=\"og:description\" content=\"The iPorto, Agenda Metropolitana da Cultura (iPorto, Metropolitan Culture Calendar) is an initiative of the Porto Metropolitan Area (AMP), created within the framework of a territorial development and cooperation strategy. As responsible for the processing and protection of personal data, the Porto Metropolitan Area (AMP) complies with the legislation in force on data protection, namely [&hellip;]\" \/>\n<meta property=\"og:url\" content=\"https:\/\/iporto.amp.pt\/en\/privacy-policy\/\" \/>\n<meta property=\"og:site_name\" content=\"iPorto\" \/>\n<meta property=\"article:modified_time\" content=\"2024-01-18T11:42:47+00:00\" \/>\n<meta property=\"og:image\" content=\"https:\/\/iporto.amp.pt\/content\/uploads\/2023\/07\/IPorto-generic-.png\" \/>\n\t<meta property=\"og:image:width\" content=\"1000\" \/>\n\t<meta property=\"og:image:height\" content=\"629\" \/>\n\t<meta property=\"og:image:type\" content=\"image\/png\" \/>\n<meta name=\"twitter:card\" content=\"summary_large_image\" \/>\n<meta name=\"twitter:label1\" content=\"Est. reading time\" \/>\n\t<meta name=\"twitter:data1\" content=\"9 minutes\" \/>\n<script type=\"application\/ld+json\" class=\"yoast-schema-graph\">{\"@context\":\"https:\/\/schema.org\",\"@graph\":[{\"@type\":\"WebPage\",\"@id\":\"https:\/\/iporto.amp.pt\/en\/privacy-policy\/\",\"url\":\"https:\/\/iporto.amp.pt\/en\/privacy-policy\/\",\"name\":\"Privacy and Data Protection Policy - iPorto\",\"isPartOf\":{\"@id\":\"https:\/\/iporto.amp.pt\/en\/#website\"},\"datePublished\":\"2023-07-14T11:07:32+00:00\",\"dateModified\":\"2024-01-18T11:42:47+00:00\",\"breadcrumb\":{\"@id\":\"https:\/\/iporto.amp.pt\/en\/privacy-policy\/#breadcrumb\"},\"inLanguage\":\"en-US\",\"potentialAction\":[{\"@type\":\"ReadAction\",\"target\":[\"https:\/\/iporto.amp.pt\/en\/privacy-policy\/\"]}]},{\"@type\":\"BreadcrumbList\",\"@id\":\"https:\/\/iporto.amp.pt\/en\/privacy-policy\/#breadcrumb\",\"itemListElement\":[{\"@type\":\"ListItem\",\"position\":1,\"name\":\"Home\",\"item\":\"https:\/\/iporto.amp.pt\/en\/\"},{\"@type\":\"ListItem\",\"position\":2,\"name\":\"Privacy and Data Protection Policy\"}]},{\"@type\":\"WebSite\",\"@id\":\"https:\/\/iporto.amp.pt\/en\/#website\",\"url\":\"https:\/\/iporto.amp.pt\/en\/\",\"name\":\"iPorto\",\"description\":\"Agenda metropolitana da cultura\",\"publisher\":{\"@id\":\"https:\/\/iporto.amp.pt\/en\/#organization\"},\"potentialAction\":[{\"@type\":\"SearchAction\",\"target\":{\"@type\":\"EntryPoint\",\"urlTemplate\":\"https:\/\/iporto.amp.pt\/en\/?s={search_term_string}\"},\"query-input\":{\"@type\":\"PropertyValueSpecification\",\"valueRequired\":true,\"valueName\":\"search_term_string\"}}],\"inLanguage\":\"en-US\"},{\"@type\":\"Organization\",\"@id\":\"https:\/\/iporto.amp.pt\/en\/#organization\",\"name\":\"iPorto\",\"url\":\"https:\/\/iporto.amp.pt\/en\/\",\"logo\":{\"@type\":\"ImageObject\",\"inLanguage\":\"en-US\",\"@id\":\"https:\/\/iporto.amp.pt\/en\/#\/schema\/logo\/image\/\",\"url\":\"\/content\/uploads\/2023\/07\/IPorto-generic-.png\",\"contentUrl\":\"\/content\/uploads\/2023\/07\/IPorto-generic-.png\",\"width\":1000,\"height\":629,\"caption\":\"iPorto\"},\"image\":{\"@id\":\"https:\/\/iporto.amp.pt\/en\/#\/schema\/logo\/image\/\"}}]}<\/script>\n<!-- \/ Yoast SEO plugin. -->","yoast_head_json":{"title":"Privacy and Data Protection Policy - iPorto","robots":{"index":"index","follow":"follow","max-snippet":"max-snippet:-1","max-image-preview":"max-image-preview:large","max-video-preview":"max-video-preview:-1"},"canonical":"https:\/\/iporto.amp.pt\/en\/privacy-policy\/","og_locale":"en_US","og_type":"article","og_title":"Privacy and Data Protection Policy - iPorto","og_description":"The iPorto, Agenda Metropolitana da Cultura (iPorto, Metropolitan Culture Calendar) is an initiative of the Porto Metropolitan Area (AMP), created within the framework of a territorial development and cooperation strategy. As responsible for the processing and protection of personal data, the Porto Metropolitan Area (AMP) complies with the legislation in force on data protection, namely [&hellip;]","og_url":"https:\/\/iporto.amp.pt\/en\/privacy-policy\/","og_site_name":"iPorto","article_modified_time":"2024-01-18T11:42:47+00:00","og_image":[{"width":1000,"height":629,"url":"https:\/\/iporto.amp.pt\/content\/uploads\/2023\/07\/IPorto-generic-.png","type":"image\/png"}],"twitter_card":"summary_large_image","twitter_misc":{"Est. reading time":"9 minutes"},"schema":{"@context":"https:\/\/schema.org","@graph":[{"@type":"WebPage","@id":"https:\/\/iporto.amp.pt\/en\/privacy-policy\/","url":"https:\/\/iporto.amp.pt\/en\/privacy-policy\/","name":"Privacy and Data Protection Policy - iPorto","isPartOf":{"@id":"https:\/\/iporto.amp.pt\/en\/#website"},"datePublished":"2023-07-14T11:07:32+00:00","dateModified":"2024-01-18T11:42:47+00:00","breadcrumb":{"@id":"https:\/\/iporto.amp.pt\/en\/privacy-policy\/#breadcrumb"},"inLanguage":"en-US","potentialAction":[{"@type":"ReadAction","target":["https:\/\/iporto.amp.pt\/en\/privacy-policy\/"]}]},{"@type":"BreadcrumbList","@id":"https:\/\/iporto.amp.pt\/en\/privacy-policy\/#breadcrumb","itemListElement":[{"@type":"ListItem","position":1,"name":"Home","item":"https:\/\/iporto.amp.pt\/en\/"},{"@type":"ListItem","position":2,"name":"Privacy and Data Protection Policy"}]},{"@type":"WebSite","@id":"https:\/\/iporto.amp.pt\/en\/#website","url":"https:\/\/iporto.amp.pt\/en\/","name":"iPorto","description":"Agenda metropolitana da cultura","publisher":{"@id":"https:\/\/iporto.amp.pt\/en\/#organization"},"potentialAction":[{"@type":"SearchAction","target":{"@type":"EntryPoint","urlTemplate":"https:\/\/iporto.amp.pt\/en\/?s={search_term_string}"},"query-input":{"@type":"PropertyValueSpecification","valueRequired":true,"valueName":"search_term_string"}}],"inLanguage":"en-US"},{"@type":"Organization","@id":"https:\/\/iporto.amp.pt\/en\/#organization","name":"iPorto","url":"https:\/\/iporto.amp.pt\/en\/","logo":{"@type":"ImageObject","inLanguage":"en-US","@id":"https:\/\/iporto.amp.pt\/en\/#\/schema\/logo\/image\/","url":"\/content\/uploads\/2023\/07\/IPorto-generic-.png","contentUrl":"\/content\/uploads\/2023\/07\/IPorto-generic-.png","width":1000,"height":629,"caption":"iPorto"},"image":{"@id":"https:\/\/iporto.amp.pt\/en\/#\/schema\/logo\/image\/"}}]}},"_links":{"self":[{"href":"https:\/\/iporto.amp.pt\/en\/wp-json\/wp\/v2\/pages\/126"}],"collection":[{"href":"https:\/\/iporto.amp.pt\/en\/wp-json\/wp\/v2\/pages"}],"about":[{"href":"https:\/\/iporto.amp.pt\/en\/wp-json\/wp\/v2\/types\/page"}],"author":[{"embeddable":true,"href":"https:\/\/iporto.amp.pt\/en\/wp-json\/wp\/v2\/users\/1"}],"replies":[{"embeddable":true,"href":"https:\/\/iporto.amp.pt\/en\/wp-json\/wp\/v2\/comments?post=126"}],"version-history":[{"count":7,"href":"https:\/\/iporto.amp.pt\/en\/wp-json\/wp\/v2\/pages\/126\/revisions"}],"predecessor-version":[{"id":222004,"href":"https:\/\/iporto.amp.pt\/en\/wp-json\/wp\/v2\/pages\/126\/revisions\/222004"}],"wp:attachment":[{"href":"https:\/\/iporto.amp.pt\/en\/wp-json\/wp\/v2\/media?parent=126"}],"curies":[{"name":"wp","href":"https:\/\/api.w.org\/{rel}","templated":true}]}}