{"id":120,"date":"2023-07-14T15:11:24","date_gmt":"2023-07-14T15:11:24","guid":{"rendered":"https:\/\/iporto.amp.pt\/terminos-y-condiciones\/"},"modified":"2024-01-18T11:33:20","modified_gmt":"2024-01-18T11:33:20","slug":"terminos-y-condiciones","status":"publish","type":"page","link":"https:\/\/iporto.amp.pt\/es\/terminos-y-condiciones\/","title":{"rendered":"T\u00e9rminos y Condiciones"},"content":{"rendered":"\n<p>Al acceder a este sitio <em>web<\/em>, los usuarios declaran conocer y aceptar los T\u00e9rminos y Condiciones establecidos a continuaci\u00f3n, por lo que se recomienda su lectura.<\/p>\n\n\n\n<p>Estos T\u00e9rminos y Condiciones regulan el uso del sitio <em>web<\/em> <a href=\"https:\/\/iporto.amp.pt\/\">https:\/\/iporto.amp.pt\/<\/a>, propiedad del \u00c1rea Metropolitana do Porto (AMP), siendo el AMP responsable del tratamiento y protecci\u00f3n de los datos personales de los usuarios.<\/p>\n\n\n\n<p>A trav\u00e9s de este sitio <em>web<\/em>, el <strong>AMP<\/strong> puede poner a disposici\u00f3n enlaces (<em>links<\/em>) a otros sitios <em>web<\/em> de terceros o a contenidos puestos a disposici\u00f3n por terceros solo con fines informativos y para la comodidad de los usuarios.<\/p>\n\n\n\n<p>El <strong>AMP<\/strong> no asume ninguna responsabilidad en relaci\u00f3n con los contenidos o productos presentados en los mismos (incluida la referencia a las redes sociales), ni por los da\u00f1os o perjuicios que puedan derivarse del uso de estos sitios <em>web<\/em>, ni con respecto al tratamiento de datos personales que se pueda realizar durante las operaciones de navegaci\u00f3n por Internet.<\/p>\n\n\n\n<p>En esta medida, el acceso a cualquier sitio <em>web<\/em> o contenido de terceros, hecho a trav\u00e9s de un enlace existente en el sitio <em>web<\/em> de <strong>iPorto, Agenda Metropolitana da Cultura<\/strong>, ser\u00e1 responsabilidad exclusiva y riesgo del usuario.<\/p>\n\n\n\n<p>Por otro lado, en caso de encontrar enlaces en otros sitios <em>web<\/em> que redireccionen a este sitio <em>web<\/em>, el <strong>AMP<\/strong> informa que no asume ninguna responsabilidad en cuanto a su origen o a los contenidos puestos a su disposici\u00f3n.<\/p>\n\n\n\n<p>Por lo tanto, hay que prestar especial atenci\u00f3n cuando uno se conecta a otros sitios <em>web<\/em> a trav\u00e9s de enlaces disponibles en este sitio <em>web<\/em> (y viceversa) y leer atentamente los respectivos T\u00e9rminos de Uso y Pol\u00edticas de Privacidad de dichos sitios <em>web<\/em>.<\/p>\n\n\n\n<p>Todos los contenidos de este sitio <em>web<\/em> son propiedad del AMP y no pueden ser modificados ni reproducidos por ning\u00fan medio, sin autorizaci\u00f3n previa del<strong> AMP<\/strong>, excepto en casos de uso gratuito, es decir, con fines de ense\u00f1anza o investigaci\u00f3n, o para uso personal. En cualquier caso, debe indicarse la titularidad de los contenidos.<\/p>\n\n\n\n<p>La introducci\u00f3n de enlaces en este sitio <em>web<\/em> con fines comerciales sin la autorizaci\u00f3n previa del <strong>AMP<\/strong> est\u00e1 prohibida. Del mismo modo, el dominio <a href=\"http:\/\/iporto.amp.pt\">https:\/\/iporto.amp.pt<\/a> no puede utilizarse con fines abusivos o sin autorizaci\u00f3n previa del <strong>AMP<\/strong>.\u00a0<\/p>\n\n\n\n<p>El <strong>AMP<\/strong> no asume ninguna responsabilidad por los errores o inexactitudes que puedan aparecer en este sitio <em>web<\/em> y puede adem\u00e1s cambiar los contenidos de este sitio <em>web<\/em> sin previo aviso.<\/p>\n","protected":false},"excerpt":{"rendered":"<p>Al acceder a este sitio web, los usuarios declaran conocer y aceptar los T\u00e9rminos y Condiciones establecidos a continuaci\u00f3n, por lo que se recomienda su lectura. Estos T\u00e9rminos y Condiciones regulan el uso del sitio web https:\/\/iporto.amp.pt\/, propiedad del \u00c1rea Metropolitana do Porto (AMP), siendo el AMP responsable del tratamiento y protecci\u00f3n de los datos [&hellip;]<\/p>\n","protected":false},"author":1,"featured_media":0,"parent":0,"menu_order":0,"comment_status":"closed","ping_status":"closed","template":"","meta":{"_monsterinsights_skip_tracking":false,"_monsterinsights_sitenote_active":false,"_monsterinsights_sitenote_note":"","_monsterinsights_sitenote_category":0,"footnotes":""},"yoast_head":"<!-- This site is optimized with the Yoast SEO plugin v24.1 - https:\/\/yoast.com\/wordpress\/plugins\/seo\/ -->\n<title>T\u00e9rminos y Condiciones - iPorto<\/title>\n<meta name=\"robots\" content=\"index, follow, max-snippet:-1, max-image-preview:large, max-video-preview:-1\" \/>\n<link rel=\"canonical\" href=\"https:\/\/iporto.amp.pt\/es\/terminos-y-condiciones\/\" \/>\n<meta property=\"og:locale\" content=\"es_ES\" \/>\n<meta property=\"og:type\" content=\"article\" \/>\n<meta property=\"og:title\" content=\"T\u00e9rminos y Condiciones - iPorto\" \/>\n<meta property=\"og:description\" content=\"Al acceder a este sitio web, los usuarios declaran conocer y aceptar los T\u00e9rminos y Condiciones establecidos a continuaci\u00f3n, por lo que se recomienda su lectura. Estos T\u00e9rminos y Condiciones regulan el uso del sitio web https:\/\/iporto.amp.pt\/, propiedad del \u00c1rea Metropolitana do Porto (AMP), siendo el AMP responsable del tratamiento y protecci\u00f3n de los datos [&hellip;]\" \/>\n<meta property=\"og:url\" content=\"https:\/\/iporto.amp.pt\/es\/terminos-y-condiciones\/\" \/>\n<meta property=\"og:site_name\" content=\"iPorto\" \/>\n<meta property=\"article:modified_time\" content=\"2024-01-18T11:33:20+00:00\" \/>\n<meta property=\"og:image\" content=\"https:\/\/iporto.amp.pt\/content\/uploads\/2023\/07\/IPorto-generic-.png\" \/>\n\t<meta property=\"og:image:width\" content=\"1000\" \/>\n\t<meta property=\"og:image:height\" content=\"629\" \/>\n\t<meta property=\"og:image:type\" content=\"image\/png\" \/>\n<meta name=\"twitter:card\" content=\"summary_large_image\" \/>\n<meta name=\"twitter:label1\" content=\"Tiempo de lectura\" \/>\n\t<meta name=\"twitter:data1\" content=\"3 minutos\" \/>\n<script type=\"application\/ld+json\" class=\"yoast-schema-graph\">{\"@context\":\"https:\/\/schema.org\",\"@graph\":[{\"@type\":\"WebPage\",\"@id\":\"https:\/\/iporto.amp.pt\/es\/terminos-y-condiciones\/\",\"url\":\"https:\/\/iporto.amp.pt\/es\/terminos-y-condiciones\/\",\"name\":\"T\u00e9rminos y Condiciones - iPorto\",\"isPartOf\":{\"@id\":\"https:\/\/iporto.amp.pt\/es\/#website\"},\"datePublished\":\"2023-07-14T15:11:24+00:00\",\"dateModified\":\"2024-01-18T11:33:20+00:00\",\"breadcrumb\":{\"@id\":\"https:\/\/iporto.amp.pt\/es\/terminos-y-condiciones\/#breadcrumb\"},\"inLanguage\":\"es\",\"potentialAction\":[{\"@type\":\"ReadAction\",\"target\":[\"https:\/\/iporto.amp.pt\/es\/terminos-y-condiciones\/\"]}]},{\"@type\":\"BreadcrumbList\",\"@id\":\"https:\/\/iporto.amp.pt\/es\/terminos-y-condiciones\/#breadcrumb\",\"itemListElement\":[{\"@type\":\"ListItem\",\"position\":1,\"name\":\"Home\",\"item\":\"https:\/\/iporto.amp.pt\/es\/\"},{\"@type\":\"ListItem\",\"position\":2,\"name\":\"T\u00e9rminos y Condiciones\"}]},{\"@type\":\"WebSite\",\"@id\":\"https:\/\/iporto.amp.pt\/es\/#website\",\"url\":\"https:\/\/iporto.amp.pt\/es\/\",\"name\":\"iPorto\",\"description\":\"Agenda metropolitana da cultura\",\"publisher\":{\"@id\":\"https:\/\/iporto.amp.pt\/es\/#organization\"},\"potentialAction\":[{\"@type\":\"SearchAction\",\"target\":{\"@type\":\"EntryPoint\",\"urlTemplate\":\"https:\/\/iporto.amp.pt\/es\/?s={search_term_string}\"},\"query-input\":{\"@type\":\"PropertyValueSpecification\",\"valueRequired\":true,\"valueName\":\"search_term_string\"}}],\"inLanguage\":\"es\"},{\"@type\":\"Organization\",\"@id\":\"https:\/\/iporto.amp.pt\/es\/#organization\",\"name\":\"iPorto\",\"url\":\"https:\/\/iporto.amp.pt\/es\/\",\"logo\":{\"@type\":\"ImageObject\",\"inLanguage\":\"es\",\"@id\":\"https:\/\/iporto.amp.pt\/es\/#\/schema\/logo\/image\/\",\"url\":\"\/content\/uploads\/2023\/07\/IPorto-generic-.png\",\"contentUrl\":\"\/content\/uploads\/2023\/07\/IPorto-generic-.png\",\"width\":1000,\"height\":629,\"caption\":\"iPorto\"},\"image\":{\"@id\":\"https:\/\/iporto.amp.pt\/es\/#\/schema\/logo\/image\/\"}}]}<\/script>\n<!-- \/ Yoast SEO plugin. -->","yoast_head_json":{"title":"T\u00e9rminos y Condiciones - iPorto","robots":{"index":"index","follow":"follow","max-snippet":"max-snippet:-1","max-image-preview":"max-image-preview:large","max-video-preview":"max-video-preview:-1"},"canonical":"https:\/\/iporto.amp.pt\/es\/terminos-y-condiciones\/","og_locale":"es_ES","og_type":"article","og_title":"T\u00e9rminos y Condiciones - iPorto","og_description":"Al acceder a este sitio web, los usuarios declaran conocer y aceptar los T\u00e9rminos y Condiciones establecidos a continuaci\u00f3n, por lo que se recomienda su lectura. Estos T\u00e9rminos y Condiciones regulan el uso del sitio web https:\/\/iporto.amp.pt\/, propiedad del \u00c1rea Metropolitana do Porto (AMP), siendo el AMP responsable del tratamiento y protecci\u00f3n de los datos [&hellip;]","og_url":"https:\/\/iporto.amp.pt\/es\/terminos-y-condiciones\/","og_site_name":"iPorto","article_modified_time":"2024-01-18T11:33:20+00:00","og_image":[{"width":1000,"height":629,"url":"https:\/\/iporto.amp.pt\/content\/uploads\/2023\/07\/IPorto-generic-.png","type":"image\/png"}],"twitter_card":"summary_large_image","twitter_misc":{"Tiempo de lectura":"3 minutos"},"schema":{"@context":"https:\/\/schema.org","@graph":[{"@type":"WebPage","@id":"https:\/\/iporto.amp.pt\/es\/terminos-y-condiciones\/","url":"https:\/\/iporto.amp.pt\/es\/terminos-y-condiciones\/","name":"T\u00e9rminos y Condiciones - iPorto","isPartOf":{"@id":"https:\/\/iporto.amp.pt\/es\/#website"},"datePublished":"2023-07-14T15:11:24+00:00","dateModified":"2024-01-18T11:33:20+00:00","breadcrumb":{"@id":"https:\/\/iporto.amp.pt\/es\/terminos-y-condiciones\/#breadcrumb"},"inLanguage":"es","potentialAction":[{"@type":"ReadAction","target":["https:\/\/iporto.amp.pt\/es\/terminos-y-condiciones\/"]}]},{"@type":"BreadcrumbList","@id":"https:\/\/iporto.amp.pt\/es\/terminos-y-condiciones\/#breadcrumb","itemListElement":[{"@type":"ListItem","position":1,"name":"Home","item":"https:\/\/iporto.amp.pt\/es\/"},{"@type":"ListItem","position":2,"name":"T\u00e9rminos y Condiciones"}]},{"@type":"WebSite","@id":"https:\/\/iporto.amp.pt\/es\/#website","url":"https:\/\/iporto.amp.pt\/es\/","name":"iPorto","description":"Agenda metropolitana da cultura","publisher":{"@id":"https:\/\/iporto.amp.pt\/es\/#organization"},"potentialAction":[{"@type":"SearchAction","target":{"@type":"EntryPoint","urlTemplate":"https:\/\/iporto.amp.pt\/es\/?s={search_term_string}"},"query-input":{"@type":"PropertyValueSpecification","valueRequired":true,"valueName":"search_term_string"}}],"inLanguage":"es"},{"@type":"Organization","@id":"https:\/\/iporto.amp.pt\/es\/#organization","name":"iPorto","url":"https:\/\/iporto.amp.pt\/es\/","logo":{"@type":"ImageObject","inLanguage":"es","@id":"https:\/\/iporto.amp.pt\/es\/#\/schema\/logo\/image\/","url":"\/content\/uploads\/2023\/07\/IPorto-generic-.png","contentUrl":"\/content\/uploads\/2023\/07\/IPorto-generic-.png","width":1000,"height":629,"caption":"iPorto"},"image":{"@id":"https:\/\/iporto.amp.pt\/es\/#\/schema\/logo\/image\/"}}]}},"_links":{"self":[{"href":"https:\/\/iporto.amp.pt\/es\/wp-json\/wp\/v2\/pages\/120"}],"collection":[{"href":"https:\/\/iporto.amp.pt\/es\/wp-json\/wp\/v2\/pages"}],"about":[{"href":"https:\/\/iporto.amp.pt\/es\/wp-json\/wp\/v2\/types\/page"}],"author":[{"embeddable":true,"href":"https:\/\/iporto.amp.pt\/es\/wp-json\/wp\/v2\/users\/1"}],"replies":[{"embeddable":true,"href":"https:\/\/iporto.amp.pt\/es\/wp-json\/wp\/v2\/comments?post=120"}],"version-history":[{"count":3,"href":"https:\/\/iporto.amp.pt\/es\/wp-json\/wp\/v2\/pages\/120\/revisions"}],"predecessor-version":[{"id":222002,"href":"https:\/\/iporto.amp.pt\/es\/wp-json\/wp\/v2\/pages\/120\/revisions\/222002"}],"wp:attachment":[{"href":"https:\/\/iporto.amp.pt\/es\/wp-json\/wp\/v2\/media?parent=120"}],"curies":[{"name":"wp","href":"https:\/\/api.w.org\/{rel}","templated":true}]}}