{"id":124,"date":"2023-07-14T15:10:54","date_gmt":"2023-07-14T15:10:54","guid":{"rendered":"https:\/\/iporto.amp.pt\/sobre-nosotros\/"},"modified":"2025-12-15T09:49:15","modified_gmt":"2025-12-15T09:49:15","slug":"sobre-nosotros","status":"publish","type":"page","link":"https:\/\/iporto.amp.pt\/es\/sobre-nosotros\/","title":{"rendered":"Sobre nosotros"},"content":{"rendered":"\n<p>El \u00c1rea Metropolitana de Porto (AMP) y sus habitantes (aproximadamente un mill\u00f3n ochocientos mil) tienen todo el inter\u00e9s en un documento com\u00fan que revele la diversidad y ambici\u00f3n de su programaci\u00f3n&nbsp; cultural, que estimule y atraiga nuevos p\u00fablicos, afirmando al mismo tiempo su poder territorial.<\/p>\n\n\n\n<p><br>Pretendemos seguir mostrando las potencialidades envolventes, las iniciativas culturales y otras, incitando a la creaci\u00f3n y participaci\u00f3n, probando que en la polivalencia y en la diferencia puede nacer la uni\u00f3n de los 17 municipios del AMP (Arouca, Espinho, Gondomar, Maia, Matosinhos, Oliveira de Azem\u00e9is, Paredes, Porto, P\u00f3voa de Varzim, S\u00e3o Jo\u00e3o da Madeira, Santa Maria da Feira, Santo Tirso, Trofa, Vale de Cambra, Valongo, Vila do Conde e Vila Nova de Gaia) en su identidad patrimonial, tur\u00edstica, gastron\u00f3mica y antropol\u00f3gica, acerc\u00e1ndolos a los ciudadanos.<\/p>\n\n\n\n<p><br>La filosof\u00eda que nos llev\u00f3 a crear la agenda es un ejemplo pragm\u00e1tico, en la b\u00fasqueda de soluciones de alcance metropolitano, en el marco de una estrategia de desarrollo territorial, adem\u00e1s de un instrumento que surge como respuesta de cooperaci\u00f3n y que sigue siendo nuestra meta, teniendo en cuenta las r\u00e1pidas mutaciones de esta gran \u00e1rea metropolitana y su continuo crecimiento demogr\u00e1fico, as\u00ed como las nuevas demandas de los diferentes p\u00fablicos.<\/p>\n\n\n\n<p><br>B\u00e1sicamente, la \u00abiPorto\u00bb es una agenda utilitaria, pero tambi\u00e9n un objeto de acercamiento entre personas que viven tan cerca\/tan lejos, seduci\u00e9ndolas a la movilidad y a viajar en un \u00e1mbito territorial tan cercano, pero, muchas veces, olvidado, a pesar de la proximidad y cercan\u00eda de cada municipio del AMP. Seguiremos trabajando por un proyecto plural que sea un reflejo de todos. \u00a1Participa en este proyecto, comparti\u00e9ndolo y haci\u00e9ndolo real y activo!<\/p>\n\n\n\n<div style=\"height:30px\" aria-hidden=\"true\" class=\"wp-block-spacer\"><\/div>\n\n\n\n<div class=\"wp-block-group is-layout-constrained wp-block-group-is-layout-constrained\">\n<figure class=\"wp-block-image aligncenter size-large is-resized is-style-default\"><img decoding=\"async\" width=\"983\" height=\"1024\" src=\"\/content\/uploads\/2023\/08\/amp-logomarcaassinatura-983x1024.jpg\" alt=\"\" class=\"wp-image-215361\" style=\"width:492px;height:512px\" srcset=\"\/content\/uploads\/2023\/08\/amp-logomarcaassinatura-983x1024.jpg 983w, \/content\/uploads\/2023\/08\/amp-logomarcaassinatura-288x300.jpg 288w, \/content\/uploads\/2023\/08\/amp-logomarcaassinatura-768x800.jpg 768w, \/content\/uploads\/2023\/08\/amp-logomarcaassinatura-1475x1536.jpg 1475w, \/content\/uploads\/2023\/08\/amp-logomarcaassinatura.jpg 1627w\" sizes=\"(max-width: 983px) 100vw, 983px\" \/><\/figure>\n<\/div>\n\n\n\n<div style=\"height:50px\" aria-hidden=\"true\" class=\"wp-block-spacer\"><\/div>\n\n\n\n<p class=\"has-medium-font-size\"><strong>CONSEJO METROPOLITANO DE PORTO<\/strong><\/p>\n\n\n\n<p class=\"has-small-font-size\"><strong>Presidente<\/strong><\/p>\n\n\n\n<p>Pedro Miguel de Azeredo Duarte (Porto)<\/p>\n\n\n\n<p class=\"has-small-font-size\"><strong><strong>Vicepresidentes<\/strong><\/strong><\/p>\n\n\n\n<p>Amadeu Albertino Marques Soares Albergaria (Santa Maria da Feira)<\/p>\n\n\n\n<p>Margarida Maria de Sousa Correia Bel\u00e9m (Arouca)<\/p>\n\n\n\n<div style=\"height:40px\" aria-hidden=\"true\" class=\"wp-block-spacer\"><\/div>\n\n\n\n<p class=\"has-medium-font-size\"><strong>COMISI\u00d3N EJECUTIVA METROPOLITANA<\/strong><\/p>\n\n\n\n<p class=\"has-small-font-size\"><strong>Presidente<\/strong><\/p>\n\n\n\n<p>Agostinho Correia Branquinho<\/p>\n\n\n\n<p class=\"has-small-font-size\"><strong>Miembros<\/strong><\/p>\n\n\n\n<p>Orlando Jorge Vieira da Silva Leal<\/p>\n\n\n\n<p>Ana Margarida de Castro e Sousa Amorim<\/p>\n\n\n\n<p>Tiago Jo\u00e3o Machado Ara\u00fajo<\/p>\n\n\n\n<p>Ana Andreia dos Santos Ferreira Castelo<\/p>\n\n\n\n<div style=\"height:50px\" aria-hidden=\"true\" class=\"wp-block-spacer\"><\/div>\n","protected":false},"excerpt":{"rendered":"<p>El \u00c1rea Metropolitana de Porto (AMP) y sus habitantes (aproximadamente un mill\u00f3n ochocientos mil) tienen todo el inter\u00e9s en un documento com\u00fan que revele la diversidad y ambici\u00f3n de su programaci\u00f3n&nbsp; cultural, que estimule y atraiga nuevos p\u00fablicos, afirmando al mismo tiempo su poder territorial. Pretendemos seguir mostrando las potencialidades envolventes, las iniciativas culturales y [&hellip;]<\/p>\n","protected":false},"author":1,"featured_media":0,"parent":0,"menu_order":0,"comment_status":"closed","ping_status":"closed","template":"","meta":{"_monsterinsights_skip_tracking":false,"_monsterinsights_sitenote_active":false,"_monsterinsights_sitenote_note":"","_monsterinsights_sitenote_category":0,"footnotes":""},"yoast_head":"<!-- This site is optimized with the Yoast SEO plugin v24.1 - https:\/\/yoast.com\/wordpress\/plugins\/seo\/ -->\n<title>Sobre nosotros - iPorto<\/title>\n<meta name=\"robots\" content=\"index, follow, max-snippet:-1, max-image-preview:large, max-video-preview:-1\" \/>\n<link rel=\"canonical\" href=\"https:\/\/iporto.amp.pt\/es\/sobre-nosotros\/\" \/>\n<meta property=\"og:locale\" content=\"es_ES\" \/>\n<meta property=\"og:type\" content=\"article\" \/>\n<meta property=\"og:title\" content=\"Sobre nosotros - iPorto\" \/>\n<meta property=\"og:description\" content=\"El \u00c1rea Metropolitana de Porto (AMP) y sus habitantes (aproximadamente un mill\u00f3n ochocientos mil) tienen todo el inter\u00e9s en un documento com\u00fan que revele la diversidad y ambici\u00f3n de su programaci\u00f3n&nbsp; cultural, que estimule y atraiga nuevos p\u00fablicos, afirmando al mismo tiempo su poder territorial. Pretendemos seguir mostrando las potencialidades envolventes, las iniciativas culturales y [&hellip;]\" \/>\n<meta property=\"og:url\" content=\"https:\/\/iporto.amp.pt\/es\/sobre-nosotros\/\" \/>\n<meta property=\"og:site_name\" content=\"iPorto\" \/>\n<meta property=\"article:modified_time\" content=\"2025-12-15T09:49:15+00:00\" \/>\n<meta property=\"og:image\" content=\"https:\/\/iporto.amp.pt\/content\/uploads\/2023\/07\/IPorto-generic-.png\" \/>\n\t<meta property=\"og:image:width\" content=\"1000\" \/>\n\t<meta property=\"og:image:height\" content=\"629\" \/>\n\t<meta property=\"og:image:type\" content=\"image\/png\" \/>\n<meta name=\"twitter:card\" content=\"summary_large_image\" \/>\n<meta name=\"twitter:label1\" content=\"Tiempo de lectura\" \/>\n\t<meta name=\"twitter:data1\" content=\"3 minutos\" \/>\n<script type=\"application\/ld+json\" class=\"yoast-schema-graph\">{\"@context\":\"https:\/\/schema.org\",\"@graph\":[{\"@type\":\"WebPage\",\"@id\":\"https:\/\/iporto.amp.pt\/es\/sobre-nosotros\/\",\"url\":\"https:\/\/iporto.amp.pt\/es\/sobre-nosotros\/\",\"name\":\"Sobre nosotros - iPorto\",\"isPartOf\":{\"@id\":\"https:\/\/iporto.amp.pt\/es\/#website\"},\"datePublished\":\"2023-07-14T15:10:54+00:00\",\"dateModified\":\"2025-12-15T09:49:15+00:00\",\"breadcrumb\":{\"@id\":\"https:\/\/iporto.amp.pt\/es\/sobre-nosotros\/#breadcrumb\"},\"inLanguage\":\"es\",\"potentialAction\":[{\"@type\":\"ReadAction\",\"target\":[\"https:\/\/iporto.amp.pt\/es\/sobre-nosotros\/\"]}]},{\"@type\":\"BreadcrumbList\",\"@id\":\"https:\/\/iporto.amp.pt\/es\/sobre-nosotros\/#breadcrumb\",\"itemListElement\":[{\"@type\":\"ListItem\",\"position\":1,\"name\":\"Home\",\"item\":\"https:\/\/iporto.amp.pt\/es\/\"},{\"@type\":\"ListItem\",\"position\":2,\"name\":\"Sobre nosotros\"}]},{\"@type\":\"WebSite\",\"@id\":\"https:\/\/iporto.amp.pt\/es\/#website\",\"url\":\"https:\/\/iporto.amp.pt\/es\/\",\"name\":\"iPorto\",\"description\":\"Agenda metropolitana da cultura\",\"publisher\":{\"@id\":\"https:\/\/iporto.amp.pt\/es\/#organization\"},\"potentialAction\":[{\"@type\":\"SearchAction\",\"target\":{\"@type\":\"EntryPoint\",\"urlTemplate\":\"https:\/\/iporto.amp.pt\/es\/?s={search_term_string}\"},\"query-input\":{\"@type\":\"PropertyValueSpecification\",\"valueRequired\":true,\"valueName\":\"search_term_string\"}}],\"inLanguage\":\"es\"},{\"@type\":\"Organization\",\"@id\":\"https:\/\/iporto.amp.pt\/es\/#organization\",\"name\":\"iPorto\",\"url\":\"https:\/\/iporto.amp.pt\/es\/\",\"logo\":{\"@type\":\"ImageObject\",\"inLanguage\":\"es\",\"@id\":\"https:\/\/iporto.amp.pt\/es\/#\/schema\/logo\/image\/\",\"url\":\"\/content\/uploads\/2023\/07\/IPorto-generic-.png\",\"contentUrl\":\"\/content\/uploads\/2023\/07\/IPorto-generic-.png\",\"width\":1000,\"height\":629,\"caption\":\"iPorto\"},\"image\":{\"@id\":\"https:\/\/iporto.amp.pt\/es\/#\/schema\/logo\/image\/\"}}]}<\/script>\n<!-- \/ Yoast SEO plugin. -->","yoast_head_json":{"title":"Sobre nosotros - iPorto","robots":{"index":"index","follow":"follow","max-snippet":"max-snippet:-1","max-image-preview":"max-image-preview:large","max-video-preview":"max-video-preview:-1"},"canonical":"https:\/\/iporto.amp.pt\/es\/sobre-nosotros\/","og_locale":"es_ES","og_type":"article","og_title":"Sobre nosotros - iPorto","og_description":"El \u00c1rea Metropolitana de Porto (AMP) y sus habitantes (aproximadamente un mill\u00f3n ochocientos mil) tienen todo el inter\u00e9s en un documento com\u00fan que revele la diversidad y ambici\u00f3n de su programaci\u00f3n&nbsp; cultural, que estimule y atraiga nuevos p\u00fablicos, afirmando al mismo tiempo su poder territorial. Pretendemos seguir mostrando las potencialidades envolventes, las iniciativas culturales y [&hellip;]","og_url":"https:\/\/iporto.amp.pt\/es\/sobre-nosotros\/","og_site_name":"iPorto","article_modified_time":"2025-12-15T09:49:15+00:00","og_image":[{"width":1000,"height":629,"url":"https:\/\/iporto.amp.pt\/content\/uploads\/2023\/07\/IPorto-generic-.png","type":"image\/png"}],"twitter_card":"summary_large_image","twitter_misc":{"Tiempo de lectura":"3 minutos"},"schema":{"@context":"https:\/\/schema.org","@graph":[{"@type":"WebPage","@id":"https:\/\/iporto.amp.pt\/es\/sobre-nosotros\/","url":"https:\/\/iporto.amp.pt\/es\/sobre-nosotros\/","name":"Sobre nosotros - iPorto","isPartOf":{"@id":"https:\/\/iporto.amp.pt\/es\/#website"},"datePublished":"2023-07-14T15:10:54+00:00","dateModified":"2025-12-15T09:49:15+00:00","breadcrumb":{"@id":"https:\/\/iporto.amp.pt\/es\/sobre-nosotros\/#breadcrumb"},"inLanguage":"es","potentialAction":[{"@type":"ReadAction","target":["https:\/\/iporto.amp.pt\/es\/sobre-nosotros\/"]}]},{"@type":"BreadcrumbList","@id":"https:\/\/iporto.amp.pt\/es\/sobre-nosotros\/#breadcrumb","itemListElement":[{"@type":"ListItem","position":1,"name":"Home","item":"https:\/\/iporto.amp.pt\/es\/"},{"@type":"ListItem","position":2,"name":"Sobre nosotros"}]},{"@type":"WebSite","@id":"https:\/\/iporto.amp.pt\/es\/#website","url":"https:\/\/iporto.amp.pt\/es\/","name":"iPorto","description":"Agenda metropolitana da cultura","publisher":{"@id":"https:\/\/iporto.amp.pt\/es\/#organization"},"potentialAction":[{"@type":"SearchAction","target":{"@type":"EntryPoint","urlTemplate":"https:\/\/iporto.amp.pt\/es\/?s={search_term_string}"},"query-input":{"@type":"PropertyValueSpecification","valueRequired":true,"valueName":"search_term_string"}}],"inLanguage":"es"},{"@type":"Organization","@id":"https:\/\/iporto.amp.pt\/es\/#organization","name":"iPorto","url":"https:\/\/iporto.amp.pt\/es\/","logo":{"@type":"ImageObject","inLanguage":"es","@id":"https:\/\/iporto.amp.pt\/es\/#\/schema\/logo\/image\/","url":"\/content\/uploads\/2023\/07\/IPorto-generic-.png","contentUrl":"\/content\/uploads\/2023\/07\/IPorto-generic-.png","width":1000,"height":629,"caption":"iPorto"},"image":{"@id":"https:\/\/iporto.amp.pt\/es\/#\/schema\/logo\/image\/"}}]}},"_links":{"self":[{"href":"https:\/\/iporto.amp.pt\/es\/wp-json\/wp\/v2\/pages\/124"}],"collection":[{"href":"https:\/\/iporto.amp.pt\/es\/wp-json\/wp\/v2\/pages"}],"about":[{"href":"https:\/\/iporto.amp.pt\/es\/wp-json\/wp\/v2\/types\/page"}],"author":[{"embeddable":true,"href":"https:\/\/iporto.amp.pt\/es\/wp-json\/wp\/v2\/users\/1"}],"replies":[{"embeddable":true,"href":"https:\/\/iporto.amp.pt\/es\/wp-json\/wp\/v2\/comments?post=124"}],"version-history":[{"count":17,"href":"https:\/\/iporto.amp.pt\/es\/wp-json\/wp\/v2\/pages\/124\/revisions"}],"predecessor-version":[{"id":257266,"href":"https:\/\/iporto.amp.pt\/es\/wp-json\/wp\/v2\/pages\/124\/revisions\/257266"}],"wp:attachment":[{"href":"https:\/\/iporto.amp.pt\/es\/wp-json\/wp\/v2\/media?parent=124"}],"curies":[{"name":"wp","href":"https:\/\/api.w.org\/{rel}","templated":true}]}}