{"id":128,"date":"2023-07-14T11:07:32","date_gmt":"2023-07-14T11:07:32","guid":{"rendered":"https:\/\/iporto.amp.pt\/politica-de-privacidad\/"},"modified":"2024-01-18T12:07:50","modified_gmt":"2024-01-18T12:07:50","slug":"politica-de-privacidad","status":"publish","type":"page","link":"https:\/\/iporto.amp.pt\/es\/politica-de-privacidad\/","title":{"rendered":"Pol\u00edtica de Privacidad y Protecci\u00f3n de Datos"},"content":{"rendered":"\n<p>La <strong>iPorto, Agenda Metropolitana de Cultura<\/strong>, es una iniciativa del <strong>AMP<\/strong> (\u00c1rea Metropolitana de Porto) que forma parte de una estrategia de desarrollo y cooperaci\u00f3n territorial.<\/p>\n\n\n\n<p>Como responsable del tratamiento y la protecci\u00f3n de los datos personales, el <strong>AMP<\/strong> cumple con la legislaci\u00f3n aplicable en materia de protecci\u00f3n de datos personales, concretamente con el Reglamento General de Protecci\u00f3n de Datos (RGPD) aprobado por el Reglamento (UE) 2016\/679, del 27 de abril de 2016.<\/p>\n\n\n\n<p>El <strong>AMP<\/strong> se compromete as\u00ed a garantizar la protecci\u00f3n de todos los datos personales puestos a su disposici\u00f3n, habiendo adoptado en este sentido diversas medidas de seguridad, de car\u00e1cter t\u00e9cnico y organizativo, con el fin de proteger sus datos personales de cualquier forma de tratamiento il\u00edcito.<\/p>\n\n\n\n<p>Cada vez que utilice este sitio web o cuando se relacione con el <strong>AMP,<\/strong> los datos personales transmitidos se procesar\u00e1n de acuerdo con la Pol\u00edtica de Privacidad y Protecci\u00f3n de Datos vigente en cada momento.<\/p>\n\n\n\n<div style=\"height:20px\" aria-hidden=\"true\" class=\"wp-block-spacer\"><\/div>\n\n\n\n<ol>\n<li style=\"text-decoration:underline\"><strong>Responsable del tratamiento de sus datos personales<\/strong><\/li>\n<\/ol>\n\n\n\n<p>El responsable del tratamiento de sus datos personales es el \u00c1rea Metropolitana de Porto, en adelante <strong>AMP<\/strong>, NIPC 502823305, con sede en Pal\u00e1cio dos Correios \u2014 Rua do Est\u00eav\u00e3o, 21, 4000-200 Porto.<\/p>\n\n\n\n<p>El <strong>AMP<\/strong> procesa varias categor\u00edas de datos personales de acuerdo con los diferentes fines, recogiendo en particular los siguientes:<\/p>\n\n\n\n<p>a) Datos personales identificables;<\/p>\n\n\n\n<p>b) Fecha de contacto;<\/p>\n\n\n\n<p>c) Datos derivados de reclamaciones\/solicitudes de ejercicio de derechos;<\/p>\n\n\n\n<p>d) Datos demogr\u00e1ficos.<\/p>\n\n\n\n<div style=\"height:20px\" aria-hidden=\"true\" class=\"wp-block-spacer\"><\/div>\n\n\n\n<ol start=\"2\">\n<li style=\"text-decoration:underline\"><strong>Finalidad del tratamiento<\/strong><\/li>\n<\/ol>\n\n\n\n<p>El <strong>AMP<\/strong> puede procesar sus datos personales, en particular para los siguientes fines:<\/p>\n\n\n\n<p>a) Difusi\u00f3n y registro de actividades culturales, conferencias, coloquios, seminarios, talleres y otros acontecimientos que tengan lugar en el <strong>\u00e1rea metropolitana de Porto<\/strong> o relacionados con el <strong>AMP<\/strong>;<\/p>\n\n\n\n<p>b) Difusi\u00f3n y registro de actividades culturales, conferencias, coloquios, seminarios, talleres y otros acontecimientos que tengan lugar en el <strong>\u00e1rea metropolitana de Porto<\/strong> o relacionados con el <strong>AMP<\/strong>. Los usuarios pueden cancelar su suscrici\u00f3n del bolet\u00edn informativo por email, utilizando el enlace en el bolet\u00edn que enviamos por email;<\/p>\n\n\n\n<p>c) Los usuarios pueden cancelar su suscrici\u00f3n del bolet\u00edn informativo por email, utilizando el enlace en el bolet\u00edn que enviamos por email;<\/p>\n\n\n\n<p>d) Respuesta a las solicitudes de contacto.<\/p>\n\n\n\n<div style=\"height:20px\" aria-hidden=\"true\" class=\"wp-block-spacer\"><\/div>\n\n\n\n<ol start=\"3\">\n<li style=\"text-decoration:underline\"><strong>Legalidad del tratamiento<\/strong><\/li>\n<\/ol>\n\n\n\n<p>El <strong>AMP<\/strong> solo tratar\u00e1 sus datos personales cuando exista una base de licitud que legitime su tratamiento, a saber:<\/p>\n\n\n\n<p>a) <strong>Diligencia precontractual y ejecuci\u00f3n de un contrato<\/strong>: el <strong>AMP<\/strong> puede procesar sus datos personales si son necesarios para la ejecuci\u00f3n de un contrato en el que usted es parte;<\/p>\n\n\n\n<p>b) <strong>Obligaci\u00f3n legal<\/strong>: el <strong>AMP<\/strong> puede procesar sus datos si resultan necesarios para cumplir con las obligaciones legales a las que est\u00e1 obligada;<\/p>\n\n\n\n<p>c) <strong>Inter\u00e9s p\u00fablico o ejercicio del poder p\u00fablico<\/strong>: el <strong>AMP<\/strong> podr\u00e1 tratar sus datos en el ejercicio de funciones de inter\u00e9s p\u00fablico o en el ejercicio de funciones de autoridad p\u00fablica de las que est\u00e9 investida;<\/p>\n\n\n\n<p>d) <strong>Inter\u00e9s leg\u00edtimo<\/strong>: sus datos pueden ser tratados bajo inter\u00e9s leg\u00edtimo del <strong>AMP<\/strong>, siempre que dichos intereses no anulen sus derechos y libertades fundamentales;<\/p>\n\n\n\n<p>e) <strong>Consentimiento<\/strong>: el <strong>AMP<\/strong> podr\u00e1 procesar sus datos mediante la obtenci\u00f3n de su consentimiento;<\/p>\n\n\n\n<p>f) <strong>Defensa de los intereses vitales<\/strong>: el <strong>AMP<\/strong> tambi\u00e9n podr\u00e1 procesar sus datos personales siempre que esto resulte necesario y esencial para la protecci\u00f3n de su vida.<\/p>\n\n\n\n<div style=\"height:20px\" aria-hidden=\"true\" class=\"wp-block-spacer\"><\/div>\n\n\n\n<ol start=\"4\" style=\"text-decoration:underline\">\n<li><strong>Intercambio de datos personales<\/strong><\/li>\n<\/ol>\n\n\n\n<p>El <strong>AMP<\/strong> garantiza que, al utilizar a terceros, estas entidades cumplir\u00e1n con sus obligaciones en materia de privacidad y protecci\u00f3n de datos personales.<\/p>\n\n\n\n<p>El <strong>AMP<\/strong> tambi\u00e9n puede comunicar sus datos personales, cuando as\u00ed lo determine la ley, en el contexto de procedimientos judiciales o como parte de investigaciones llevadas a cabo por las autoridades competentes.<\/p>\n\n\n\n<p>El <strong>AMP<\/strong> no realizar\u00e1 transferencias internacionales de sus datos a un tercer pa\u00eds u organizaci\u00f3n internacional fuera de la Uni\u00f3n Europea.<\/p>\n\n\n\n<div style=\"height:20px\" aria-hidden=\"true\" class=\"wp-block-spacer\"><\/div>\n\n\n\n<ol start=\"5\">\n<li style=\"text-decoration:underline\"><strong>Almacenamiento de los Datos<\/strong><\/li>\n<\/ol>\n\n\n\n<p>Sus datos personales podr\u00e1n ser almacenados para alojar y realizar copias de seguridad en servidores ubicados en Portugal que se encuentran en un entorno seguro, protegidos contra el acceso no autorizado.<\/p>\n\n\n\n<div style=\"height:20px\" aria-hidden=\"true\" class=\"wp-block-spacer\"><\/div>\n\n\n\n<ol start=\"6\">\n<li style=\"text-decoration:underline\"><strong>Derechos de los Titulares<\/strong><\/li>\n<\/ol>\n\n\n\n<p>El <strong>AMP<\/strong> se compromete a respetar la confidencialidad de su informaci\u00f3n personal y a garantizar el ejercicio de sus derechos de conformidad con la legislaci\u00f3n aplicable, a saber:<\/p>\n\n\n\n<p>a) <strong>Derecho a la informaci\u00f3n<\/strong>: tiene derecho a obtener informaci\u00f3n clara, transparente y comprensible sobre c\u00f3mo el <strong>AMP<\/strong> procesa sus datos personales;<\/p>\n\n\n\n<p>b) <strong>Derecho al acceso<\/strong>: adem\u00e1s del derecho a la informaci\u00f3n, puede acceder a sus datos personales y confirmar la existencia o no del tratamiento de sus datos, as\u00ed como solicitar una copia de los mismos;<\/p>\n\n\n\n<p>c) <strong>Derecho a la rectificaci\u00f3n<\/strong>: usted tiene derecho a rectificar sus datos personales si son inexactos, obsoletos o incompletos;<\/p>\n\n\n\n<p>d) <strong>Derecho a la supresi\u00f3n<\/strong>: puede solicitarnos que eliminemos sus datos. Sin embargo, debe tener en cuenta que este no es un derecho absoluto, ya que el <strong>AMP<\/strong> puede tener fundamentos legales u otros intereses leg\u00edtimos que respalden la conservaci\u00f3n de sus datos personales;<\/p>\n\n\n\n<p>e) <strong>Derecho a la oposici\u00f3n<\/strong>: por razones relacionadas con su situaci\u00f3n particular, puede oponerse a ciertas operaciones de procesamiento basadas en un inter\u00e9s leg\u00edtimo o inter\u00e9s p\u00fablico del <strong>AMP<\/strong> o de terceros, en cualquier momento en que dicho procesamiento tenga lugar. Debe tenerse en cuenta que el <strong>AMP<\/strong> puede continuar tratando dichos datos si puede probar \u00abmotivos leg\u00edtimos preponderantes para el tratamiento que anulan sus intereses, derechos y libertades\u00bb, o si dichos datos son necesarios para el establecimiento, ejercicio o defensa de un derecho en procedimientos judiciales. Puede eliminar su suscripci\u00f3n al bolet\u00edn de noticias del <strong>AMP<\/strong> o elegir ser eliminado de sus comunicaciones de divulgaci\u00f3n directa en cualquier momento. La forma m\u00e1s f\u00e1cil de hacerlo es utilizando el enlace que le permite eliminar cualquier correo electr\u00f3nico o comunicaci\u00f3n enviada, pero puede ponerse en contacto con el <strong>AMP<\/strong> para hacerlo en la siguiente direcci\u00f3n de correo electr\u00f3nico dpo@amp.pt;<\/p>\n\n\n\n<p>f) <strong>Derecho a presentar una denuncia ante la CNPD &#8211; Comiss\u00e3o Nacional de Prote\u00e7\u00e3o de Dados <\/strong>(Comisi\u00f3n Nacional de Protecci\u00f3n de Datos): si considera que el tratamiento de sus datos personales infringe la legislaci\u00f3n aplicable en materia de protecci\u00f3n de datos, puede presentar una reclamaci\u00f3n ante la CNPD;<\/p>\n\n\n\n<p>g) <strong>Derecho a la portabilidad de los datos<\/strong>: tiene derecho a trasladar, copiar o transferir sus datos personales de la base de datos del <strong>AMP<\/strong> a otra, en un formato estructurado de uso com\u00fan, siempre que el tratamiento se base en su consentimiento o en un contrato del que sea parte y se lleve a cabo por medios automatizados;<\/p>\n\n\n\n<p>h) <strong>Derecho a la limitaci\u00f3n del tratamiento<\/strong>: tiene derecho a solicitar la limitaci\u00f3n del tratamiento de sus datos en las siguientes situaciones:<\/p>\n\n\n\n<ul start=\"1\">\n<li>Si impugna la exactitud de los datos;<\/li>\n\n\n\n<li>Si el tratamiento es ilegal y no desea borrar sus datos, sino solo limitar su uso;<\/li>\n\n\n\n<li>Si los datos ya no son requeridos por el <strong>AMP<\/strong>, pero necesarios para el usuario;<\/li>\n\n\n\n<li>Cuando haya ejercido su derecho de oposici\u00f3n, en cuanto la <strong>AMP<\/strong> examine si sus intereses leg\u00edtimos para el procesamiento prevalecen o no sobre ese derecho.<\/li>\n<\/ul>\n\n\n\n<p>Para solicitar el ejercicio de cualquiera de los derechos enumerados anteriormente, puede:<\/p>\n\n\n\n<ul>\n<li>Dirigir una comunicaci\u00f3n escrita a la <strong>AMP<\/strong> con los siguientes datos:\n<ul>\n<li>Asunto: Ejercicio de Derechos \u2014 Protecci\u00f3n de Datos Personales<\/li>\n\n\n\n<li>A\/C: DPO \u00c1rea Metropolitana do Porto<\/li>\n\n\n\n<li>Direcci\u00f3n: Pal\u00e1cio dos Correios \u2014 Rua do Est\u00eav\u00e3o, 21, 4000-200 Porto<\/li>\n<\/ul>\n<\/li>\n\n\n\n<li>Enviar un correo electr\u00f3nico a <a href=\"mailto:dpo@amp.pt\">dpo@amp.pt<\/a>.<\/li>\n<\/ul>\n\n\n\n<div style=\"height:20px\" aria-hidden=\"true\" class=\"wp-block-spacer\"><\/div>\n\n\n\n<ol start=\"7\">\n<li style=\"text-decoration:underline\"><strong>Per\u00edodo de conservaci\u00f3n<\/strong><\/li>\n<\/ol>\n\n\n\n<p>El <strong>AMP<\/strong> solo conservar\u00e1 sus datos personales durante el tiempo necesario para lograr la finalidad para la que fueron recogidos.<\/p>\n\n\n\n<p>El <strong>AMP<\/strong> tambi\u00e9n puede conservar algunos de sus datos personales, en la medida en que sea necesario para cumplir con sus obligaciones legales, as\u00ed como para gestionar o hacer cumplir sus derechos, en particular mediante el recurso a procedimientos legales.<\/p>\n\n\n\n<p>Una vez transcurridos los per\u00edodos de almacenamiento anteriores, los datos personales ser\u00e1n eliminados de las bases de datos <strong>AMP<\/strong> de manera segura, independientemente de su soporte.<\/p>\n\n\n\n<div style=\"height:20px\" aria-hidden=\"true\" class=\"wp-block-spacer\"><\/div>\n\n\n\n<ol start=\"8\" style=\"text-decoration:underline\">\n<li><strong>Encargado de Protecci\u00f3n de Datos<\/strong><\/li>\n<\/ol>\n\n\n\n<p>Como entidad p\u00fablica y con el fin de cumplir con la legislaci\u00f3n aplicable en materia de privacidad y protecci\u00f3n de datos, el <strong>AMP<\/strong> ha nombrado un Encargado de Protecci\u00f3n de Datos Personales, cuyas funciones son las siguientes:<\/p>\n\n\n\n<p>a) Controlar el cumplimiento de las operaciones de tratamiento de datos personales de acuerdo con la legislaci\u00f3n aplicable en vigor;<\/p>\n\n\n\n<p>b) Proporcionar asesoramiento al <strong>AMP<\/strong> sobre la privacidad y la protecci\u00f3n de datos personales;<\/p>\n\n\n\n<p>c) Cooperar con la CNPD &#8211; Comisi\u00f3n Nacional de Protecci\u00f3n de Datos;<\/p>\n\n\n\n<p>d) Establecer un punto de contacto con la CNPD, las autoridades de control de los dem\u00e1s Estados miembros y los titulares de datos personales.<\/p>\n\n\n\n<p>Puede ponerse en contacto con el Encargado de Protecci\u00f3n de Datos del <strong>AMP<\/strong> en la direcci\u00f3n de correo electr\u00f3nico <a href=\"mailto:dpo@amp.pt\">dpo@amp.pt<\/a>.<\/p>\n\n\n\n<div style=\"height:20px\" aria-hidden=\"true\" class=\"wp-block-spacer\"><\/div>\n\n\n\n<ol start=\"9\">\n<li style=\"text-decoration:underline\"><strong>Medidas de Seguridad<\/strong><\/li>\n<\/ol>\n\n\n\n<p>La <strong>AMP<\/strong> garantizar\u00e1 la aplicaci\u00f3n de medidas t\u00e9cnicas organizativas adecuadas y eficaces para cumplir los principios de protecci\u00f3n de datos a fin de garantizar la confidencialidad, integridad, disponibilidad y resiliencia de sus servicios de tratamiento.<\/p>\n\n\n\n<p>La <strong>AMP<\/strong> adopta los procedimientos t\u00e9cnicos, electr\u00f3nicos y organizativos necesarios y apropiados para garantizar la seguridad de sus Datos Personales y para evitar su p\u00e9rdida, mal uso o acceso.<\/p>\n\n\n\n<p>Sin embargo, depende de todos los usuarios asegurarse de que el equipo que utilizan est\u00e1 protegido contra software da\u00f1ino, virus inform\u00e1ticos y gusanos, adem\u00e1s de garantizar la configuraci\u00f3n segura de su navegador.<\/p>\n\n\n\n<div style=\"height:20px\" aria-hidden=\"true\" class=\"wp-block-spacer\"><\/div>\n\n\n\n<ol start=\"10\">\n<li style=\"text-decoration:underline\"><strong><em>Cookies<\/em><\/strong><\/li>\n<\/ol>\n\n\n\n<ol start=\"9\">\n<li><\/li>\n<\/ol>\n\n\n\n<p>Al navegar por el sitio web del <strong>AMP<\/strong>, se utilizan cookies. Para obtener m\u00e1s informaci\u00f3n sobre c\u00f3mo se utilizan las cookies, consulte la <a href=\"https:\/\/iporto.amp.pt\/es\/politica-de-cookies\/\">Pol\u00edtica de Cookies<\/a>.<\/p>\n\n\n\n<div style=\"height:20px\" aria-hidden=\"true\" class=\"wp-block-spacer\"><\/div>\n\n\n\n<ol start=\"11\">\n<li style=\"text-decoration:underline\"><strong>Disposiciones finales<\/strong><\/li>\n<\/ol>\n\n\n\n<p>El <strong>AMP<\/strong> se reserva el derecho a modificar esta Pol\u00edtica en cualquier momento debido a nuevos requisitos legales o procedimentales y para garantizar que solo sea tratada la informaci\u00f3n indispensable para la prestaci\u00f3n o mejora de sus servicios.<\/p>\n\n\n\n<p>Siempre que se realice alg\u00fan cambio en esta Pol\u00edtica de Privacidad, el usuario ser\u00e1 informado de esos cambios a trav\u00e9s de este sitio web.<\/p>\n\n\n\n<p>El <strong>AMP<\/strong> adopta los procedimientos apropiados para garantizar que su informaci\u00f3n sea correcta, completa y actualizada, pero depende del usuario la actualizaci\u00f3n o correcci\u00f3n de su informaci\u00f3n personal cuando necesario.<\/p>\n","protected":false},"excerpt":{"rendered":"<p>La iPorto, Agenda Metropolitana de Cultura, es una iniciativa del AMP (\u00c1rea Metropolitana de Porto) que forma parte de una estrategia de desarrollo y cooperaci\u00f3n territorial. Como responsable del tratamiento y la protecci\u00f3n de los datos personales, el AMP cumple con la legislaci\u00f3n aplicable en materia de protecci\u00f3n de datos personales, concretamente con el Reglamento [&hellip;]<\/p>\n","protected":false},"author":1,"featured_media":0,"parent":0,"menu_order":0,"comment_status":"closed","ping_status":"open","template":"","meta":{"_monsterinsights_skip_tracking":false,"_monsterinsights_sitenote_active":false,"_monsterinsights_sitenote_note":"","_monsterinsights_sitenote_category":0,"footnotes":""},"yoast_head":"<!-- This site is optimized with the Yoast SEO plugin v24.1 - https:\/\/yoast.com\/wordpress\/plugins\/seo\/ -->\n<title>Pol\u00edtica de Privacidad y Protecci\u00f3n de Datos - iPorto<\/title>\n<meta name=\"robots\" content=\"index, follow, max-snippet:-1, max-image-preview:large, max-video-preview:-1\" \/>\n<link rel=\"canonical\" href=\"https:\/\/iporto.amp.pt\/es\/politica-de-privacidad\/\" \/>\n<meta property=\"og:locale\" content=\"es_ES\" \/>\n<meta property=\"og:type\" content=\"article\" \/>\n<meta property=\"og:title\" content=\"Pol\u00edtica de Privacidad y Protecci\u00f3n de Datos - iPorto\" \/>\n<meta property=\"og:description\" content=\"La iPorto, Agenda Metropolitana de Cultura, es una iniciativa del AMP (\u00c1rea Metropolitana de Porto) que forma parte de una estrategia de desarrollo y cooperaci\u00f3n territorial. Como responsable del tratamiento y la protecci\u00f3n de los datos personales, el AMP cumple con la legislaci\u00f3n aplicable en materia de protecci\u00f3n de datos personales, concretamente con el Reglamento [&hellip;]\" \/>\n<meta property=\"og:url\" content=\"https:\/\/iporto.amp.pt\/es\/politica-de-privacidad\/\" \/>\n<meta property=\"og:site_name\" content=\"iPorto\" \/>\n<meta property=\"article:modified_time\" content=\"2024-01-18T12:07:50+00:00\" \/>\n<meta property=\"og:image\" content=\"https:\/\/iporto.amp.pt\/content\/uploads\/2023\/07\/IPorto-generic-.png\" \/>\n\t<meta property=\"og:image:width\" content=\"1000\" \/>\n\t<meta property=\"og:image:height\" content=\"629\" \/>\n\t<meta property=\"og:image:type\" content=\"image\/png\" \/>\n<meta name=\"twitter:card\" content=\"summary_large_image\" \/>\n<meta name=\"twitter:label1\" content=\"Tiempo de lectura\" \/>\n\t<meta name=\"twitter:data1\" content=\"9 minutos\" \/>\n<script type=\"application\/ld+json\" class=\"yoast-schema-graph\">{\"@context\":\"https:\/\/schema.org\",\"@graph\":[{\"@type\":\"WebPage\",\"@id\":\"https:\/\/iporto.amp.pt\/es\/politica-de-privacidad\/\",\"url\":\"https:\/\/iporto.amp.pt\/es\/politica-de-privacidad\/\",\"name\":\"Pol\u00edtica de Privacidad y Protecci\u00f3n de Datos - iPorto\",\"isPartOf\":{\"@id\":\"https:\/\/iporto.amp.pt\/es\/#website\"},\"datePublished\":\"2023-07-14T11:07:32+00:00\",\"dateModified\":\"2024-01-18T12:07:50+00:00\",\"breadcrumb\":{\"@id\":\"https:\/\/iporto.amp.pt\/es\/politica-de-privacidad\/#breadcrumb\"},\"inLanguage\":\"es\",\"potentialAction\":[{\"@type\":\"ReadAction\",\"target\":[\"https:\/\/iporto.amp.pt\/es\/politica-de-privacidad\/\"]}]},{\"@type\":\"BreadcrumbList\",\"@id\":\"https:\/\/iporto.amp.pt\/es\/politica-de-privacidad\/#breadcrumb\",\"itemListElement\":[{\"@type\":\"ListItem\",\"position\":1,\"name\":\"Home\",\"item\":\"https:\/\/iporto.amp.pt\/es\/\"},{\"@type\":\"ListItem\",\"position\":2,\"name\":\"Pol\u00edtica de Privacidad y Protecci\u00f3n de Datos\"}]},{\"@type\":\"WebSite\",\"@id\":\"https:\/\/iporto.amp.pt\/es\/#website\",\"url\":\"https:\/\/iporto.amp.pt\/es\/\",\"name\":\"iPorto\",\"description\":\"Agenda metropolitana da cultura\",\"publisher\":{\"@id\":\"https:\/\/iporto.amp.pt\/es\/#organization\"},\"potentialAction\":[{\"@type\":\"SearchAction\",\"target\":{\"@type\":\"EntryPoint\",\"urlTemplate\":\"https:\/\/iporto.amp.pt\/es\/?s={search_term_string}\"},\"query-input\":{\"@type\":\"PropertyValueSpecification\",\"valueRequired\":true,\"valueName\":\"search_term_string\"}}],\"inLanguage\":\"es\"},{\"@type\":\"Organization\",\"@id\":\"https:\/\/iporto.amp.pt\/es\/#organization\",\"name\":\"iPorto\",\"url\":\"https:\/\/iporto.amp.pt\/es\/\",\"logo\":{\"@type\":\"ImageObject\",\"inLanguage\":\"es\",\"@id\":\"https:\/\/iporto.amp.pt\/es\/#\/schema\/logo\/image\/\",\"url\":\"\/content\/uploads\/2023\/07\/IPorto-generic-.png\",\"contentUrl\":\"\/content\/uploads\/2023\/07\/IPorto-generic-.png\",\"width\":1000,\"height\":629,\"caption\":\"iPorto\"},\"image\":{\"@id\":\"https:\/\/iporto.amp.pt\/es\/#\/schema\/logo\/image\/\"}}]}<\/script>\n<!-- \/ Yoast SEO plugin. -->","yoast_head_json":{"title":"Pol\u00edtica de Privacidad y Protecci\u00f3n de Datos - iPorto","robots":{"index":"index","follow":"follow","max-snippet":"max-snippet:-1","max-image-preview":"max-image-preview:large","max-video-preview":"max-video-preview:-1"},"canonical":"https:\/\/iporto.amp.pt\/es\/politica-de-privacidad\/","og_locale":"es_ES","og_type":"article","og_title":"Pol\u00edtica de Privacidad y Protecci\u00f3n de Datos - iPorto","og_description":"La iPorto, Agenda Metropolitana de Cultura, es una iniciativa del AMP (\u00c1rea Metropolitana de Porto) que forma parte de una estrategia de desarrollo y cooperaci\u00f3n territorial. Como responsable del tratamiento y la protecci\u00f3n de los datos personales, el AMP cumple con la legislaci\u00f3n aplicable en materia de protecci\u00f3n de datos personales, concretamente con el Reglamento [&hellip;]","og_url":"https:\/\/iporto.amp.pt\/es\/politica-de-privacidad\/","og_site_name":"iPorto","article_modified_time":"2024-01-18T12:07:50+00:00","og_image":[{"width":1000,"height":629,"url":"https:\/\/iporto.amp.pt\/content\/uploads\/2023\/07\/IPorto-generic-.png","type":"image\/png"}],"twitter_card":"summary_large_image","twitter_misc":{"Tiempo de lectura":"9 minutos"},"schema":{"@context":"https:\/\/schema.org","@graph":[{"@type":"WebPage","@id":"https:\/\/iporto.amp.pt\/es\/politica-de-privacidad\/","url":"https:\/\/iporto.amp.pt\/es\/politica-de-privacidad\/","name":"Pol\u00edtica de Privacidad y Protecci\u00f3n de Datos - iPorto","isPartOf":{"@id":"https:\/\/iporto.amp.pt\/es\/#website"},"datePublished":"2023-07-14T11:07:32+00:00","dateModified":"2024-01-18T12:07:50+00:00","breadcrumb":{"@id":"https:\/\/iporto.amp.pt\/es\/politica-de-privacidad\/#breadcrumb"},"inLanguage":"es","potentialAction":[{"@type":"ReadAction","target":["https:\/\/iporto.amp.pt\/es\/politica-de-privacidad\/"]}]},{"@type":"BreadcrumbList","@id":"https:\/\/iporto.amp.pt\/es\/politica-de-privacidad\/#breadcrumb","itemListElement":[{"@type":"ListItem","position":1,"name":"Home","item":"https:\/\/iporto.amp.pt\/es\/"},{"@type":"ListItem","position":2,"name":"Pol\u00edtica de Privacidad y Protecci\u00f3n de Datos"}]},{"@type":"WebSite","@id":"https:\/\/iporto.amp.pt\/es\/#website","url":"https:\/\/iporto.amp.pt\/es\/","name":"iPorto","description":"Agenda metropolitana da cultura","publisher":{"@id":"https:\/\/iporto.amp.pt\/es\/#organization"},"potentialAction":[{"@type":"SearchAction","target":{"@type":"EntryPoint","urlTemplate":"https:\/\/iporto.amp.pt\/es\/?s={search_term_string}"},"query-input":{"@type":"PropertyValueSpecification","valueRequired":true,"valueName":"search_term_string"}}],"inLanguage":"es"},{"@type":"Organization","@id":"https:\/\/iporto.amp.pt\/es\/#organization","name":"iPorto","url":"https:\/\/iporto.amp.pt\/es\/","logo":{"@type":"ImageObject","inLanguage":"es","@id":"https:\/\/iporto.amp.pt\/es\/#\/schema\/logo\/image\/","url":"\/content\/uploads\/2023\/07\/IPorto-generic-.png","contentUrl":"\/content\/uploads\/2023\/07\/IPorto-generic-.png","width":1000,"height":629,"caption":"iPorto"},"image":{"@id":"https:\/\/iporto.amp.pt\/es\/#\/schema\/logo\/image\/"}}]}},"_links":{"self":[{"href":"https:\/\/iporto.amp.pt\/es\/wp-json\/wp\/v2\/pages\/128"}],"collection":[{"href":"https:\/\/iporto.amp.pt\/es\/wp-json\/wp\/v2\/pages"}],"about":[{"href":"https:\/\/iporto.amp.pt\/es\/wp-json\/wp\/v2\/types\/page"}],"author":[{"embeddable":true,"href":"https:\/\/iporto.amp.pt\/es\/wp-json\/wp\/v2\/users\/1"}],"replies":[{"embeddable":true,"href":"https:\/\/iporto.amp.pt\/es\/wp-json\/wp\/v2\/comments?post=128"}],"version-history":[{"count":8,"href":"https:\/\/iporto.amp.pt\/es\/wp-json\/wp\/v2\/pages\/128\/revisions"}],"predecessor-version":[{"id":222006,"href":"https:\/\/iporto.amp.pt\/es\/wp-json\/wp\/v2\/pages\/128\/revisions\/222006"}],"wp:attachment":[{"href":"https:\/\/iporto.amp.pt\/es\/wp-json\/wp\/v2\/media?parent=128"}],"curies":[{"name":"wp","href":"https:\/\/api.w.org\/{rel}","templated":true}]}}