{"id":215996,"date":"2023-09-06T14:06:23","date_gmt":"2023-09-06T14:06:23","guid":{"rendered":"https:\/\/iporto.amp.pt\/?page_id=215996"},"modified":"2024-01-18T15:31:08","modified_gmt":"2024-01-18T15:31:08","slug":"politica-de-cookies","status":"publish","type":"page","link":"https:\/\/iporto.amp.pt\/es\/politica-de-cookies\/","title":{"rendered":"Pol\u00edtica de Cookies"},"content":{"rendered":"\n<ol start=\"1\">\n<li><strong>\u00bfQu\u00e9 son las<em> cookies?<\/em><\/strong><\/li>\n<\/ol>\n\n\n\n<p>Las<em> cookies \u2013 <\/em>o testigos de conexi\u00f3n \u2013 son peque\u00f1os ficheros en formato de texto instalados en los equipos de determinado utilizador (ya sean ordenadores o dispositivos m\u00f3viles), a trav\u00e9s de un navegador de Internet \u2013 <em>browser<\/em> \u2013 durante una visita a un sitio<em> web,<\/em> con el fin de almacenar, recuperar o actualizar informaci\u00f3n.<\/p>\n\n\n\n<p>El <strong>\u00c1rea Metropolitana de Porto<\/strong> \u2013 <strong>AMP <\/strong>\u2013utiliza <em>cookies<\/em> en el sitio<em> web<\/em> <strong>iPorto<\/strong> \u2013 <strong>Agenda Metropolitana de Cultura<\/strong> para mejorar la informaci\u00f3n proporcionada y permitir una navegaci\u00f3n m\u00e1s r\u00e1pida y eficiente.<\/p>\n\n\n\n<p>El <strong>AMP<\/strong> no controla la creaci\u00f3n de <em>cookies<\/em> utilizadas por los proveedores de contenido que ocasionalmente pueda insertarse o compartirse en el sitio <em>web<\/em> <strong>iPorto<\/strong>, concretamente el contenido de redes sociales, como el Facebook.&nbsp;<\/p>\n\n\n\n<p>Al acceder a estas publicaciones con dicho contenido de terceros, se pueden crear <em>cookies<\/em> de esos sitios <em>web<\/em>.<\/p>\n\n\n\n<div style=\"height:20px\" aria-hidden=\"true\" class=\"wp-block-spacer\"><\/div>\n\n\n\n<ol start=\"2\">\n<li><strong>Tipos de <em>cookies<\/em> seg\u00fan su finalidad:<\/strong><\/li>\n<\/ol>\n\n\n\n<p>a) <strong><em>Cookies<\/em> t\u00e9cnicas\/necesarias: <\/strong>permiten al usuario navegar a trav\u00e9s de una p\u00e1gina <em>web<\/em>, plataforma o aplicaci\u00f3n y utilizar sus distintas opciones o servicios.<\/p>\n\n\n\n<p>b) <strong><em>Cookies<\/em> de preferencias o personalizaci\u00f3n: <\/strong>permiten al usuario acceder al servicio con algunas caracter\u00edsticas generales predefinidas seg\u00fan una serie de criterios, como el idioma, el tipo de navegador a trav\u00e9s del cual accede al servicio, el n\u00famero de resultados de una b\u00fasqueda particular solicitada por el usuario, etc.<\/p>\n\n\n\n<p>c) <strong><em>Cookies<\/em> de an\u00e1lisis o medici\u00f3n: <\/strong>permiten el an\u00e1lisis y seguimiento del comportamiento de los usuarios del sitio <em>web<\/em>, incluyendo la cuantificaci\u00f3n de los impactos de los anuncios.<\/p>\n\n\n\n<p>d) <strong><em>Cookies<\/em> de publicidad comportamental: <\/strong>almacenan informaci\u00f3n del comportamiento del usuario obtenida a trav\u00e9s de la observaci\u00f3n continua de sus h\u00e1bitos de navegaci\u00f3n, lo que permite el desarrollo de un perfil espec\u00edfico para mostrar publicidad seg\u00fan ese perfil.<\/p>\n\n\n\n<p>e) <strong><em>Cookies<\/em> de seguridad: <\/strong>utilizados para autenticar a los usuarios y evitar la utilizaci\u00f3n fraudulenta de credenciales de inicio de sesi\u00f3n y proteger los datos de personas no autorizadas. Por ejemplo, permiten bloquear muchos tipos de ataques, como intentos de robar el contenido de los formularios que el usuario rellena en una p\u00e1gina <em>web<\/em> en particular.<\/p>\n\n\n\n<div style=\"height:20px\" aria-hidden=\"true\" class=\"wp-block-spacer\"><\/div>\n\n\n\n<ol start=\"3\">\n<li><strong>Servi\u00e7os <em>web<\/em> externos<\/strong><\/li>\n<\/ol>\n\n\n\n<p>El <strong>AMP<\/strong> podr\u00e1 utilizar servicios <em>web<\/em> externos para mostrarle cierto contenido dentro del sitio web <strong>iPorto,<\/strong> por ejemplo, para mostrar im\u00e1genes o videos y para realizar encuestas.<\/p>\n\n\n\n<p>El <strong>AMP<\/strong> no puede impedir que sitios <em>web<\/em> o dominios externos recopilen informaci\u00f3n sobre la utilizaci\u00f3n que se hace de estos contenidos integrados.<\/p>\n\n\n\n<div style=\"height:20px\" aria-hidden=\"true\" class=\"wp-block-spacer\"><\/div>\n\n\n\n<ol start=\"4\">\n<li><strong>C\u00f3mo bloquear la utilizaci\u00f3n de <em>cookies<\/em><\/strong><\/li>\n<\/ol>\n\n\n\n<p>Puede bloquear la creaci\u00f3n de <em>cookies<\/em> a trav\u00e9s de la configuraci\u00f3n de su navegador. Sin embargo, si bloquea todas las <em>cookies<\/em>, puede que no logre acceder a algunas caracter\u00edsticas del sitio <em>web.<\/em><\/p>\n\n\n\n<p>Normalmente, todos los cambios al nivel del navegador <em>web<\/em> con respecto a c\u00f3mo se utilizan o aceptan las <em>cookies<\/em> se pueden realizar en la secci\u00f3n \u00abOpciones\u00bb o \u00abPreferencias del navegador\u00bb.&nbsp;<\/p>\n\n\n\n<p>Presentamos algunas instrucciones para bloquear el uso de <em>cookies<\/em> en los navegadores <em>web<\/em> m\u00e1s comunes:<\/p>\n\n\n\n<ul>\n<li><strong><em>Google Chrome:<\/em><\/strong><\/li>\n<\/ul>\n\n\n\n<p><a href=\"http:\/\/support.google.com\/chrome\/bin\/answer.py?hl=pt&amp;answer=95647\">http:\/\/support.google.com\/chrome\/bin\/answer.py?hl=pt&amp;answer=95647<\/a><\/p>\n\n\n\n<ul>\n<li><strong><em>Internet Explorer<\/em>:<\/strong><\/li>\n<\/ul>\n\n\n\n<p><a href=\"http:\/\/windows.microsoft.com\/pt-pt\/windows7\/how-to-manage-cookies-in-internet-explorer-9\">http:\/\/windows.microsoft.com\/pt-pt\/windows7\/how-to-manage-cookies-in-internet-explorer-9<\/a><\/p>\n\n\n\n<ul>\n<li><strong><em>Mozilla Firefox<\/em>:<\/strong><\/li>\n<\/ul>\n\n\n\n<p><a href=\"https:\/\/support.mozilla.org\/pt-PT\/kb\/ativar-e-desativar-cookies-que-os-websites-utilizam\">https:\/\/support.mozilla.org\/pt-PT\/kb\/ativar-e-desativar-cookies-que-os-websites-utilizam<\/a><\/p>\n\n\n\n<ul>\n<li><strong><em>Apple Safari<\/em>:<\/strong><\/li>\n<\/ul>\n\n\n\n<p><a href=\"https:\/\/support.apple.com\/pt-pt\/HT201265\">https:\/\/support.apple.com\/pt-pt\/HT201265<\/a><\/p>\n\n\n\n<div style=\"height:20px\" aria-hidden=\"true\" class=\"wp-block-spacer\"><\/div>\n\n\n\n<ol start=\"5\">\n<li><strong>Otros servicios<\/strong><\/li>\n<\/ol>\n\n\n\n<p>Otros servicios que puedan surgir posteriormente y que requieran la entrada de datos personales o de las entidades respectivas est\u00e1n cubiertos por la <a href=\"https:\/\/iporto.amp.pt\/es\/politica-de-privacidad\/\">Pol\u00edtica de Privacidad y Seguridad<\/a> de la <strong>iPorto<\/strong> a la que se hace referencia en este documento.<\/p>\n\n\n\n<div style=\"height:20px\" aria-hidden=\"true\" class=\"wp-block-spacer\"><\/div>\n\n\n\n<ol start=\"6\">\n<li><strong><em>Cookies<\/em> utilizadas en el sitio <em>web<\/em><\/strong><\/li>\n<\/ol>\n\n\n\n<p>a) <strong>Google<\/strong><\/p>\n\n\n\n<figure class=\"wp-block-table\"><table><thead><tr><th class=\"has-text-align-center\" data-align=\"center\"><strong>Nombre de la <em>Cookie<\/em><\/strong><\/th><th class=\"has-text-align-center\" data-align=\"center\"><strong>Dominio<\/strong><\/th><th class=\"has-text-align-center\" data-align=\"center\"><strong>Duraci\u00f3n<\/strong><\/th><th class=\"has-text-align-center\" data-align=\"center\"><strong>Finalidad y Datos recopilados<\/strong><\/th><th class=\"has-text-align-center\" data-align=\"center\"><strong>Tipo<\/strong><\/th><th class=\"has-text-align-center\" data-align=\"center\"><strong>Categor\u00eda<\/strong><\/th><\/tr><\/thead><tbody><tr><td class=\"has-text-align-center\" data-align=\"center\">NID<\/td><td class=\"has-text-align-center\" data-align=\"center\">.google.com<\/td><td class=\"has-text-align-center\" data-align=\"center\">6 meses<\/td><td class=\"has-text-align-center\" data-align=\"center\">La <em>cookie<\/em> NID contiene un identificador \u00fanico que Google utiliza para recordar tus preferencias y otra informaci\u00f3n, como tu idioma preferido (por ejemplo, ingl\u00e9s), el n\u00famero de resultados que quieres que se muestren en cada p\u00e1gina de resultados de b\u00fasqueda (por ejemplo, 10 o 20) y si quieres que el filtro B\u00fasqueda Segura de Google est\u00e9 activado o desactivado. La <em>cookie<\/em> NID tambi\u00e9n puede ser utilizada por Google para ayudar a personalizar los anuncios en las propiedades de Google, como la B\u00fasqueda de Google. Por ejemplo, utiliza estas <em>cookies<\/em> para memorizar tus b\u00fasquedas m\u00e1s recientes, tus interacciones anteriores con los anuncios o los resultados de tu b\u00fasqueda y tus visitas al sitio web de un anunciante. Esto ayuda a presentar anuncios personalizados en Google. Las pol\u00edticas de Google pueden consultarse en: <a href=\"https:\/\/policies.google.com\/privacy\">Pol\u00edtica de privacidad &#8211; Privacidad y condiciones &#8211; Google<\/a><\/td><td class=\"has-text-align-center\" data-align=\"center\"><em>cookie<\/em> HTTP<\/td><td class=\"has-text-align-center\" data-align=\"center\"><em>cookie<\/em> de terceros<\/td><\/tr><tr><td class=\"has-text-align-center\" data-align=\"center\">_ga<\/td><td class=\"has-text-align-center\" data-align=\"center\">amp.pt<\/td><td class=\"has-text-align-center\" data-align=\"center\">2 a\u00f1os<\/td><td class=\"has-text-align-center\" data-align=\"center\">Se trata de la <em>cookie<\/em> principal utilizada por Google Analytics, la herramienta de an\u00e1lisis de Google que ayuda a los propietarios de sitios web y aplicaciones a comprender c\u00f3mo interact\u00faan los usuarios con ellos. Google Analytics puede utilizar un conjunto de <em>cookies<\/em> para recopilar informaci\u00f3n e indicar estad\u00edsticas de uso del sitio web sin identificar personalmente a los usuarios individuales para Google. Las pol\u00edticas de Google pueden consultarse en: <a href=\"https:\/\/policies.google.com\/privacy\">Pol\u00edtica de privacidad &#8211; Privacidad y condiciones &#8211; Google<\/a><\/td><td class=\"has-text-align-center\" data-align=\"center\"><em>cookie<\/em> HTTP<\/td><td class=\"has-text-align-center\" data-align=\"center\"><em>cookie<\/em> de terceros<\/td><\/tr><tr><td class=\"has-text-align-center\" data-align=\"center\">_ga_[hash]<\/td><td class=\"has-text-align-center\" data-align=\"center\">amp.pt<\/td><td class=\"has-text-align-center\" data-align=\"center\">2 a\u00f1os<\/td><td class=\"has-text-align-center\" data-align=\"center\">Esta <em>cookie<\/em> es similar a la anterior.<\/td><td class=\"has-text-align-center\" data-align=\"center\"><em>cookie<\/em> HTTP<\/td><td class=\"has-text-align-center\" data-align=\"center\"><em>cookie<\/em> de terceros<\/td><\/tr><tr><td class=\"has-text-align-center\" data-align=\"center\">_gat<\/td><td class=\"has-text-align-center\" data-align=\"center\">amp.pt<\/td><td class=\"has-text-align-center\" data-align=\"center\">1 minuto<\/td><td class=\"has-text-align-center\" data-align=\"center\">Esta <em>cookie<\/em> se utiliza para limitar las solicitudes a Google Analytics con el fin de obtener resultados reales, evitando que Google Analytics no bloquee algunas llamadas, como los dobles clics.<\/td><td class=\"has-text-align-center\" data-align=\"center\"><em>cookie<\/em> HTTP<\/td><td class=\"has-text-align-center\" data-align=\"center\"><em>cookie<\/em> de terceros<\/td><\/tr><tr><td class=\"has-text-align-center\" data-align=\"center\">_gid<\/td><td class=\"has-text-align-center\" data-align=\"center\">amp.pt<\/td><td class=\"has-text-align-center\" data-align=\"center\">1 d\u00eda<\/td><td class=\"has-text-align-center\" data-align=\"center\">Esta <em>cookie<\/em> es instalada por Google Analytics y registra un ID \u00fanico utilizado para generar datos estad\u00edsticos sobre c\u00f3mo el usuario utiliza el sitio web, individualiz\u00e1ndolo como usuario, pero sin identificarlo. Las pol\u00edticas de Google pueden consultarse en: <a href=\"https:\/\/policies.google.com\/privacy\">Privacy Policy \u2013 Privacy &amp; Terms \u2013 Google<\/a><\/td><td class=\"has-text-align-center\" data-align=\"center\"><em>cookie<\/em> HTTP<\/td><td class=\"has-text-align-center\" data-align=\"center\"><em>cookie<\/em> de terceros<\/td><\/tr><\/tbody><\/table><\/figure>\n\n\n\n<div style=\"height:30px\" aria-hidden=\"true\" class=\"wp-block-spacer\"><\/div>\n\n\n\n<p>b) <strong>WordPress<\/strong><\/p>\n\n\n\n<div style=\"height:20px\" aria-hidden=\"true\" class=\"wp-block-spacer\"><\/div>\n\n\n\n<figure class=\"wp-block-table\"><table><thead><tr><th class=\"has-text-align-center\" data-align=\"center\"><strong>Nombre de la <em>Cookie<\/em><\/strong><\/th><th class=\"has-text-align-center\" data-align=\"center\"><strong>Dominio<\/strong><\/th><th class=\"has-text-align-center\" data-align=\"center\"><strong>Duraci\u00f3n<\/strong><\/th><th class=\"has-text-align-center\" data-align=\"center\"><strong>Finalidad y Datos recopilados<\/strong><\/th><th class=\"has-text-align-center\" data-align=\"center\"><strong>Tipo<\/strong><\/th><th class=\"has-text-align-center\" data-align=\"center\"><strong>Categor\u00eda<\/strong><\/th><\/tr><\/thead><tbody><tr><td class=\"has-text-align-center\" data-align=\"center\">wordpress_logged_in_[hash]<\/td><td class=\"has-text-align-center\" data-align=\"center\">iporto.amp.pt<\/td><td class=\"has-text-align-center\" data-align=\"center\">sesi\u00f3n<\/td><td class=\"has-text-align-center\" data-align=\"center\">Despu\u00e9s de iniciar sesi\u00f3n en el sitio, el WordPress establece la <em>cookie<\/em> wordpress_logged_in_[hash], que indica cuando el usuario est\u00e1 autenticado e identifica al usuario en cuesti\u00f3n.<\/td><td class=\"has-text-align-center\" data-align=\"center\"><em>cookie<\/em> HTTP<\/td><td class=\"has-text-align-center\" data-align=\"center\"><em>cookie<\/em>s propias<\/td><\/tr><tr><td class=\"has-text-align-center\" data-align=\"center\">wordpress_sec_[hash]<\/td><td class=\"has-text-align-center\" data-align=\"center\">iporto.amp.pt<\/td><td class=\"has-text-align-center\" data-align=\"center\">sesi\u00f3n<\/td><td class=\"has-text-align-center\" data-align=\"center\">Esta <em>cookie<\/em> se utiliza en los sitios de WordPress para la autenticaci\u00f3n mediante SSL y almacena los datos de autenticaci\u00f3n del usuario.<a href=\"https:\/\/policies.google.com\/privacy\">Pol\u00edtica de privacidad &#8211; Privacidad y condiciones &#8211; Google<\/a><\/td><td class=\"has-text-align-center\" data-align=\"center\"><em>cookie<\/em> HTTP<\/td><td class=\"has-text-align-center\" data-align=\"center\"><em>cookie<\/em>s propias<\/td><\/tr><tr><td class=\"has-text-align-center\" data-align=\"center\">wordpress_test_cookie<\/td><td class=\"has-text-align-center\" data-align=\"center\">iporto.amp.pt<\/td><td class=\"has-text-align-center\" data-align=\"center\">sesi\u00f3n<\/td><td class=\"has-text-align-center\" data-align=\"center\">Esta <em>cookie<\/em> se utiliza en los sitios de WordPress y comprueba si el navegador tiene habilitadas las <em>cookies.<\/em><\/td><td class=\"has-text-align-center\" data-align=\"center\"><em>cookie<\/em> HTTP<\/td><td class=\"has-text-align-center\" data-align=\"center\"><em>cookie<\/em>s propias<\/td><\/tr><tr><td class=\"has-text-align-center\" data-align=\"center\">wp-settings-[UID]<\/td><td class=\"has-text-align-center\" data-align=\"center\">iporto.amp.pt<\/td><td class=\"has-text-align-center\" data-align=\"center\">1 a\u00f1o<\/td><td class=\"has-text-align-center\" data-align=\"center\">El WordPress establece esta <em>cookie<\/em> wpsettings-[UID]. El n\u00famero al final es el ID de usuario en la tabla de usuarios en la Base de Datos.<br>S\u00f3lo existe para usuarios autenticados en el sitio.<\/td><td class=\"has-text-align-center\" data-align=\"center\"><em>cookie<\/em> HTTP<\/td><td class=\"has-text-align-center\" data-align=\"center\"><em>cookie<\/em>s propias<\/td><\/tr><tr><td class=\"has-text-align-center\" data-align=\"center\">wp-settings-time-[UID]<\/td><td class=\"has-text-align-center\" data-align=\"center\">iporto.amp.pt<\/td><td class=\"has-text-align-center\" data-align=\"center\">1 a\u00f1o<\/td><td class=\"has-text-align-center\" data-align=\"center\">El WordPress establece esta <em>cookie<\/em> wpsettings-time-[UID]. El n\u00famero al final es el ID de usuario en la tabla de usuarios en la Base de Datos. S\u00f3lo existe para usuarios autenticados en el sitio. Esta <em>cookie<\/em> se utiliza para personalizar su visualizaci\u00f3n en la interfaz de administraci\u00f3n y posiblemente tambi\u00e9n en la interfaz principal del sitio.<\/td><td class=\"has-text-align-center\" data-align=\"center\"><em>cookie<\/em> HTTP<\/td><td class=\"has-text-align-center\" data-align=\"center\"><em>cookie<\/em>s propias<\/td><\/tr><\/tbody><\/table><\/figure>\n\n\n\n<div style=\"height:30px\" aria-hidden=\"true\" class=\"wp-block-spacer\"><\/div>\n\n\n\n<p>c) <strong><em>Plugins<\/em><\/strong> <strong>WordPress<\/strong><\/p>\n\n\n\n<div style=\"height:20px\" aria-hidden=\"true\" class=\"wp-block-spacer\"><\/div>\n\n\n\n<figure class=\"wp-block-table\"><table><thead><tr><th class=\"has-text-align-center\" data-align=\"center\"><strong>Nombre de la <em>Cookie<\/em><\/strong><\/th><th class=\"has-text-align-center\" data-align=\"center\"><strong>Dominio<\/strong><\/th><th class=\"has-text-align-center\" data-align=\"center\"><strong>Duraci\u00f3n<\/strong><\/th><th class=\"has-text-align-center\" data-align=\"center\"><strong>Finalidad y Datos recopilados<\/strong><\/th><th class=\"has-text-align-center\" data-align=\"center\"><strong>Tipo<\/strong><\/th><th class=\"has-text-align-center\" data-align=\"center\"><strong>Categor\u00eda<\/strong><\/th><\/tr><\/thead><tbody><tr><td class=\"has-text-align-center\" data-align=\"center\">wp-wpml_current_language<\/td><td class=\"has-text-align-center\" data-align=\"center\">iporto.amp.pt<\/td><td class=\"has-text-align-center\" data-align=\"center\">sesi\u00f3n<\/td><td class=\"has-text-align-center\" data-align=\"center\">Permite almacenar en el sitio las preferencias de idioma del usuario.<\/td><td class=\"has-text-align-center\" data-align=\"center\"><em>cookie<\/em> HTTP<\/td><td class=\"has-text-align-center\" data-align=\"center\"><em>cookie<\/em>s propias<\/td><\/tr><tr><td class=\"has-text-align-center\" data-align=\"center\">displayCookieConsent<\/td><td class=\"has-text-align-center\" data-align=\"center\">iporto.amp.pt<\/td><td class=\"has-text-align-center\" data-align=\"center\">1 a\u00f1o<\/td><td class=\"has-text-align-center\" data-align=\"center\">Permite almacenar en el banner de consentimiento la indicaci\u00f3n de que se ha aceptado el uso de <em>cookies.<\/em><\/td><td class=\"has-text-align-center\" data-align=\"center\"><em>cookie<\/em> HTTP<\/td><td class=\"has-text-align-center\" data-align=\"center\"><em>cookie<\/em>s propias<\/td><\/tr><\/tbody><\/table><\/figure>\n\n\n\n<div style=\"height:20px\" aria-hidden=\"true\" class=\"wp-block-spacer\"><\/div>\n\n\n\n<p><strong>Pol\u00edtica de <em>Cookies<\/em> &#8211; Versi\u00f3n 1.0 \u2013 2024.01.15<\/strong><\/p>\n","protected":false},"excerpt":{"rendered":"<p>Las cookies \u2013 o testigos de conexi\u00f3n \u2013 son peque\u00f1os ficheros en formato de texto instalados en los equipos de determinado utilizador (ya sean ordenadores o dispositivos m\u00f3viles), a trav\u00e9s de un navegador de Internet \u2013 browser \u2013 durante una visita a un sitio web, con el fin de almacenar, recuperar o actualizar informaci\u00f3n. El [&hellip;]<\/p>\n","protected":false},"author":185,"featured_media":0,"parent":0,"menu_order":0,"comment_status":"closed","ping_status":"closed","template":"","meta":{"_monsterinsights_skip_tracking":false,"_monsterinsights_sitenote_active":false,"_monsterinsights_sitenote_note":"","_monsterinsights_sitenote_category":0,"footnotes":""},"yoast_head":"<!-- This site is optimized with the Yoast SEO plugin v24.1 - https:\/\/yoast.com\/wordpress\/plugins\/seo\/ -->\n<title>Pol\u00edtica de Cookies - iPorto<\/title>\n<meta name=\"robots\" content=\"index, follow, max-snippet:-1, max-image-preview:large, max-video-preview:-1\" \/>\n<link rel=\"canonical\" href=\"https:\/\/iporto.amp.pt\/es\/politica-de-cookies\/\" \/>\n<meta property=\"og:locale\" content=\"es_ES\" \/>\n<meta property=\"og:type\" content=\"article\" \/>\n<meta property=\"og:title\" content=\"Pol\u00edtica de Cookies - iPorto\" \/>\n<meta property=\"og:description\" content=\"Las cookies \u2013 o testigos de conexi\u00f3n \u2013 son peque\u00f1os ficheros en formato de texto instalados en los equipos de determinado utilizador (ya sean ordenadores o dispositivos m\u00f3viles), a trav\u00e9s de un navegador de Internet \u2013 browser \u2013 durante una visita a un sitio web, con el fin de almacenar, recuperar o actualizar informaci\u00f3n. El [&hellip;]\" \/>\n<meta property=\"og:url\" content=\"https:\/\/iporto.amp.pt\/es\/politica-de-cookies\/\" \/>\n<meta property=\"og:site_name\" content=\"iPorto\" \/>\n<meta property=\"article:modified_time\" content=\"2024-01-18T15:31:08+00:00\" \/>\n<meta property=\"og:image\" content=\"https:\/\/iporto.amp.pt\/content\/uploads\/2023\/07\/IPorto-generic-.png\" \/>\n\t<meta property=\"og:image:width\" content=\"1000\" \/>\n\t<meta property=\"og:image:height\" content=\"629\" \/>\n\t<meta property=\"og:image:type\" content=\"image\/png\" \/>\n<meta name=\"twitter:card\" content=\"summary_large_image\" \/>\n<meta name=\"twitter:label1\" content=\"Tiempo de lectura\" \/>\n\t<meta name=\"twitter:data1\" content=\"7 minutos\" \/>\n<script type=\"application\/ld+json\" class=\"yoast-schema-graph\">{\"@context\":\"https:\/\/schema.org\",\"@graph\":[{\"@type\":\"WebPage\",\"@id\":\"https:\/\/iporto.amp.pt\/es\/politica-de-cookies\/\",\"url\":\"https:\/\/iporto.amp.pt\/es\/politica-de-cookies\/\",\"name\":\"Pol\u00edtica de Cookies - iPorto\",\"isPartOf\":{\"@id\":\"https:\/\/iporto.amp.pt\/es\/#website\"},\"datePublished\":\"2023-09-06T14:06:23+00:00\",\"dateModified\":\"2024-01-18T15:31:08+00:00\",\"breadcrumb\":{\"@id\":\"https:\/\/iporto.amp.pt\/es\/politica-de-cookies\/#breadcrumb\"},\"inLanguage\":\"es\",\"potentialAction\":[{\"@type\":\"ReadAction\",\"target\":[\"https:\/\/iporto.amp.pt\/es\/politica-de-cookies\/\"]}]},{\"@type\":\"BreadcrumbList\",\"@id\":\"https:\/\/iporto.amp.pt\/es\/politica-de-cookies\/#breadcrumb\",\"itemListElement\":[{\"@type\":\"ListItem\",\"position\":1,\"name\":\"Home\",\"item\":\"https:\/\/iporto.amp.pt\/es\/\"},{\"@type\":\"ListItem\",\"position\":2,\"name\":\"Pol\u00edtica de Cookies\"}]},{\"@type\":\"WebSite\",\"@id\":\"https:\/\/iporto.amp.pt\/es\/#website\",\"url\":\"https:\/\/iporto.amp.pt\/es\/\",\"name\":\"iPorto\",\"description\":\"Agenda metropolitana da cultura\",\"publisher\":{\"@id\":\"https:\/\/iporto.amp.pt\/es\/#organization\"},\"potentialAction\":[{\"@type\":\"SearchAction\",\"target\":{\"@type\":\"EntryPoint\",\"urlTemplate\":\"https:\/\/iporto.amp.pt\/es\/?s={search_term_string}\"},\"query-input\":{\"@type\":\"PropertyValueSpecification\",\"valueRequired\":true,\"valueName\":\"search_term_string\"}}],\"inLanguage\":\"es\"},{\"@type\":\"Organization\",\"@id\":\"https:\/\/iporto.amp.pt\/es\/#organization\",\"name\":\"iPorto\",\"url\":\"https:\/\/iporto.amp.pt\/es\/\",\"logo\":{\"@type\":\"ImageObject\",\"inLanguage\":\"es\",\"@id\":\"https:\/\/iporto.amp.pt\/es\/#\/schema\/logo\/image\/\",\"url\":\"\/content\/uploads\/2023\/07\/IPorto-generic-.png\",\"contentUrl\":\"\/content\/uploads\/2023\/07\/IPorto-generic-.png\",\"width\":1000,\"height\":629,\"caption\":\"iPorto\"},\"image\":{\"@id\":\"https:\/\/iporto.amp.pt\/es\/#\/schema\/logo\/image\/\"}}]}<\/script>\n<!-- \/ Yoast SEO plugin. -->","yoast_head_json":{"title":"Pol\u00edtica de Cookies - iPorto","robots":{"index":"index","follow":"follow","max-snippet":"max-snippet:-1","max-image-preview":"max-image-preview:large","max-video-preview":"max-video-preview:-1"},"canonical":"https:\/\/iporto.amp.pt\/es\/politica-de-cookies\/","og_locale":"es_ES","og_type":"article","og_title":"Pol\u00edtica de Cookies - iPorto","og_description":"Las cookies \u2013 o testigos de conexi\u00f3n \u2013 son peque\u00f1os ficheros en formato de texto instalados en los equipos de determinado utilizador (ya sean ordenadores o dispositivos m\u00f3viles), a trav\u00e9s de un navegador de Internet \u2013 browser \u2013 durante una visita a un sitio web, con el fin de almacenar, recuperar o actualizar informaci\u00f3n. El [&hellip;]","og_url":"https:\/\/iporto.amp.pt\/es\/politica-de-cookies\/","og_site_name":"iPorto","article_modified_time":"2024-01-18T15:31:08+00:00","og_image":[{"width":1000,"height":629,"url":"https:\/\/iporto.amp.pt\/content\/uploads\/2023\/07\/IPorto-generic-.png","type":"image\/png"}],"twitter_card":"summary_large_image","twitter_misc":{"Tiempo de lectura":"7 minutos"},"schema":{"@context":"https:\/\/schema.org","@graph":[{"@type":"WebPage","@id":"https:\/\/iporto.amp.pt\/es\/politica-de-cookies\/","url":"https:\/\/iporto.amp.pt\/es\/politica-de-cookies\/","name":"Pol\u00edtica de Cookies - iPorto","isPartOf":{"@id":"https:\/\/iporto.amp.pt\/es\/#website"},"datePublished":"2023-09-06T14:06:23+00:00","dateModified":"2024-01-18T15:31:08+00:00","breadcrumb":{"@id":"https:\/\/iporto.amp.pt\/es\/politica-de-cookies\/#breadcrumb"},"inLanguage":"es","potentialAction":[{"@type":"ReadAction","target":["https:\/\/iporto.amp.pt\/es\/politica-de-cookies\/"]}]},{"@type":"BreadcrumbList","@id":"https:\/\/iporto.amp.pt\/es\/politica-de-cookies\/#breadcrumb","itemListElement":[{"@type":"ListItem","position":1,"name":"Home","item":"https:\/\/iporto.amp.pt\/es\/"},{"@type":"ListItem","position":2,"name":"Pol\u00edtica de Cookies"}]},{"@type":"WebSite","@id":"https:\/\/iporto.amp.pt\/es\/#website","url":"https:\/\/iporto.amp.pt\/es\/","name":"iPorto","description":"Agenda metropolitana da cultura","publisher":{"@id":"https:\/\/iporto.amp.pt\/es\/#organization"},"potentialAction":[{"@type":"SearchAction","target":{"@type":"EntryPoint","urlTemplate":"https:\/\/iporto.amp.pt\/es\/?s={search_term_string}"},"query-input":{"@type":"PropertyValueSpecification","valueRequired":true,"valueName":"search_term_string"}}],"inLanguage":"es"},{"@type":"Organization","@id":"https:\/\/iporto.amp.pt\/es\/#organization","name":"iPorto","url":"https:\/\/iporto.amp.pt\/es\/","logo":{"@type":"ImageObject","inLanguage":"es","@id":"https:\/\/iporto.amp.pt\/es\/#\/schema\/logo\/image\/","url":"\/content\/uploads\/2023\/07\/IPorto-generic-.png","contentUrl":"\/content\/uploads\/2023\/07\/IPorto-generic-.png","width":1000,"height":629,"caption":"iPorto"},"image":{"@id":"https:\/\/iporto.amp.pt\/es\/#\/schema\/logo\/image\/"}}]}},"_links":{"self":[{"href":"https:\/\/iporto.amp.pt\/es\/wp-json\/wp\/v2\/pages\/215996"}],"collection":[{"href":"https:\/\/iporto.amp.pt\/es\/wp-json\/wp\/v2\/pages"}],"about":[{"href":"https:\/\/iporto.amp.pt\/es\/wp-json\/wp\/v2\/types\/page"}],"author":[{"embeddable":true,"href":"https:\/\/iporto.amp.pt\/es\/wp-json\/wp\/v2\/users\/185"}],"replies":[{"embeddable":true,"href":"https:\/\/iporto.amp.pt\/es\/wp-json\/wp\/v2\/comments?post=215996"}],"version-history":[{"count":7,"href":"https:\/\/iporto.amp.pt\/es\/wp-json\/wp\/v2\/pages\/215996\/revisions"}],"predecessor-version":[{"id":222026,"href":"https:\/\/iporto.amp.pt\/es\/wp-json\/wp\/v2\/pages\/215996\/revisions\/222026"}],"wp:attachment":[{"href":"https:\/\/iporto.amp.pt\/es\/wp-json\/wp\/v2\/media?parent=215996"}],"curies":[{"name":"wp","href":"https:\/\/api.w.org\/{rel}","templated":true}]}}